{"id":7988,"date":"2019-09-30T11:11:47","date_gmt":"2019-09-30T10:11:47","guid":{"rendered":"https:\/\/www.ecolejeanninemanuel.org.uk\/admissions-v2\/"},"modified":"2024-10-01T13:52:17","modified_gmt":"2024-10-01T12:52:17","slug":"admissions","status":"publish","type":"page","link":"https:\/\/www.ecolejeanninemanuel.org.uk\/fr\/admissions\/","title":{"rendered":"Admissions"},"content":{"rendered":"<div class=\"wpb-content-wrapper\">[vc_row full_width=&#8221;stretch_row&#8221; gap=&#8221;35&#8243; css=&#8221;.vc_custom_1568821641840{margin-top: 30px !important;background-image: url(https:\/\/www.ecolejeanninemanuel.org.uk\/wp-content\/uploads\/2018\/05\/admissionsbackground-2.jpg?id=1970) !important;background-position: center !important;background-repeat: no-repeat !important;background-size: cover !important;}&#8221;][vc_column width=&#8221;1\/6&#8243;][\/vc_column][vc_column width=&#8221;2\/3&#8243;][gt3_spacing height=&#8221;30px&#8221;][vc_column_text]\n<h3><span style=\"color: #ffffff;\">Admissions<\/span><\/h3>\n[\/vc_column_text][gt3_spacing height=&#8221;30px&#8221;][vc_column_text]<span style=\"color: #ffffff;\">L\u2019\u00c9cole accueille des \u00e9l\u00e8ves bilingues aussi bien que des \u00e9l\u00e8ves d\u00e9butants en fran\u00e7ais \u00e0 tous les niveaux, ou n\u2019ayant que peu d\u2019anglais jusqu\u2019en 6\u00e8me.\u00a0<\/span><span style=\"color: #ffffff;\">La commission d\u2019admission examine chaque dossier avec le plus grand soin et tient compte de l\u2019objectif de diversit\u00e9 culturelle qui assure le caract\u00e8re international de l\u2019\u00e9cole.\u00a0 Notre but est d&#8217;admettre des \u00e9l\u00e8ves qui pourront b\u00e9n\u00e9ficier d\u2019un cursus bilingue, biculturel et enrichi.<\/span>[\/vc_column_text][gt3_spacing height=&#8221;30px&#8221;][vc_row_inner][vc_column_inner width=&#8221;1\/2&#8243;][gt3_button button_title=&#8221;Visiter l\u2019\u00c9cole&#8221; button_alignment=&#8221;center&#8221; btn_icon_type=&#8221;font&#8221; btn_icon_fontawesome=&#8221;fa fa-calendar&#8221; btn_font_size=&#8221;16&#8243; use_theme_button=&#8221;&#8221; btn_bg_color=&#8221;rgba(65,148,167,0.7)&#8221; btn_text_color=&#8221;#ffffff&#8221; btn_bg_color_hover=&#8221;#4194a7&#8243; btn_text_color_hover=&#8221;#ffffff&#8221; btn_icon_color=&#8221;#ffffff&#8221; btn_icon_color_hover=&#8221;#ffffff&#8221; btn_border_color=&#8221;#ffffff&#8221; btn_border_color_hover=&#8221;#4194a7&#8243; link=&#8221;url:https%3A%2F%2Fwww.ecolejeanninemanuel.org.uk%2Fadmissions%2Fmeet-us&#8221;][gt3_button button_title=&#8221;Inscrivez-vous \u00e0 notre mailing list&#8221; button_alignment=&#8221;center&#8221; btn_icon_type=&#8221;font&#8221; btn_icon_fontawesome=&#8221;far fa-envelope-open&#8221; btn_font_size=&#8221;16&#8243; use_theme_button=&#8221;&#8221; btn_bg_color=&#8221;rgba(223,26,48,0.7)&#8221; btn_text_color=&#8221;#ffffff&#8221; btn_bg_color_hover=&#8221;#df1a30&#8243; btn_text_color_hover=&#8221;#ffffff&#8221; btn_icon_color=&#8221;#ffffff&#8221; btn_icon_color_hover=&#8221;#ffffff&#8221; btn_border_color=&#8221;#ffffff&#8221; btn_border_color_hover=&#8221;#df1a30&#8243; link=&#8221;url:https%3A%2F%2Fjmanuel-uk.openapply.com%2Froi&#8221;][\/vc_column_inner][vc_column_inner width=&#8221;1\/2&#8243;][gt3_button button_title=&#8221;Postuler&#8221; button_alignment=&#8221;center&#8221; btn_icon_type=&#8221;font&#8221; btn_icon_fontawesome=&#8221;fas fa-file-import&#8221; btn_font_size=&#8221;16&#8243; use_theme_button=&#8221;&#8221; btn_bg_color=&#8221;rgba(223,26,48,0.7)&#8221; btn_text_color=&#8221;#ffffff&#8221; btn_bg_color_hover=&#8221;#df1a30&#8243; btn_text_color_hover=&#8221;#ffffff&#8221; btn_icon_color=&#8221;#ffffff&#8221; btn_icon_color_hover=&#8221;#ffffff&#8221; btn_border_color=&#8221;#ffffff&#8221; btn_border_color_hover=&#8221;#df1a30&#8243; link=&#8221;url:https%3A%2F%2Fjmanuel-uk.openapply.com%2Fapply|target:_blank&#8221;][gt3_button button_title=&#8221;Planifiez un appel&#8221; button_alignment=&#8221;center&#8221; btn_icon_type=&#8221;font&#8221; btn_icon_fontawesome=&#8221;fas fa-phone-alt&#8221; btn_font_size=&#8221;16&#8243; use_theme_button=&#8221;&#8221; btn_bg_color=&#8221;rgba(171,192,78,0.7)&#8221; btn_text_color=&#8221;#ffffff&#8221; btn_bg_color_hover=&#8221;#abc04e&#8221; btn_text_color_hover=&#8221;#ffffff&#8221; btn_icon_color=&#8221;#ffffff&#8221; btn_icon_color_hover=&#8221;#ffffff&#8221; btn_border_color=&#8221;#ffffff&#8221; btn_border_color_hover=&#8221;#abc04e&#8221; link=&#8221;url:https%3A%2F%2Fjmanuel-uk.openapply.com%2Froi&#8221;][\/vc_column_inner][\/vc_row_inner][gt3_spacing height=&#8221;30px&#8221;][vc_row_inner][vc_column_inner width=&#8221;1\/4&#8243;][\/vc_column_inner][vc_column_inner width=&#8221;1\/2&#8243;][\/vc_column_inner][vc_column_inner width=&#8221;1\/4&#8243;][\/vc_column_inner][\/vc_row_inner][\/vc_column][vc_column width=&#8221;1\/6&#8243;][\/vc_column][\/vc_row][vc_row][vc_column width=&#8221;1\/6&#8243;][\/vc_column][vc_column width=&#8221;2\/3&#8243;][gt3_spacing height=&#8221;50px&#8221;][vc_message message_box_color=&#8221;danger&#8221; css_animation=&#8221;appear&#8221;]\n<p style=\"text-align: center;\">Les admissions pour la rentr\u00e9e 2025 sont toujours ouvertes &#8211; postulez <a href=\"https:\/\/jmanuel-uk.openapply.com\/apply\">ici<\/a> !<\/p>\n<p style=\"text-align: center;\">Pour contacter le bureau des admissions: <a href=\"mailto:admissions@jmanuel.uk.net\">admissions@jmanuel.uk.net\u00a0<\/a><\/p>\n[\/vc_message][vc_row_inner][vc_column_inner width=&#8221;2\/3&#8243;][gt3_spacing height=&#8221;20px&#8221;][vc_column_text]\n<h3><span>Proc\u00e9dures et information<\/span><\/h3>\n[\/vc_column_text][gt3_spacing height=&#8221;20px&#8221;][vc_column_text]Veuillez trouver des informations sur les proc\u00e9dures d\u2019admissions ci-dessous.[\/vc_column_text][gt3_spacing height=&#8221;20px&#8221;][vc_toggle title=&#8221;Processus d&#8217;admission&#8221; style=&#8221;accordion_solid&#8221; color=&#8221;triangle&#8221;]\n<p id=\"tw-target-text\" class=\"tw-data-text tw-text-large tw-ta\" dir=\"ltr\" data-placeholder=\"Translation\"><span class=\"Y2IQFc\" lang=\"fr\">Les admissions ouvrent l&#8217;ann\u00e9e pr\u00e9c\u00e9dant l&#8217;entr\u00e9e.\u00a0<\/span><\/p>\n<p dir=\"ltr\" data-placeholder=\"Translation\">Apr\u00e8s avoir re\u00e7u votre formulaire de demande d&#8217;admission, nous organiserons un entretien avec un membre de notre \u00e9quipe de direction pour vote famille.<\/p>\n<p class=\"tw-data-text tw-text-large tw-ta\" dir=\"ltr\" data-placeholder=\"Translation\"><span class=\"Y2IQFc\" lang=\"fr\">Dans le cadre de notre processus d&#8217;admission, nous demandons aux parents d&#8217;assister \u00e0 une pr\u00e9sentation de l&#8217;\u00e9cole pour en savoir plus sur la mission, les approches p\u00e9dagogiques et la philosophie de notre \u00e9cole.<\/span><\/p>\n[\/vc_toggle][vc_toggle title=&#8221;Formulaire d\u2019inscription (en ligne)&#8221; style=&#8221;accordion_solid&#8221; color=&#8221;triangle&#8221;]Pour postuler vous devez remplir un <a href=\"https:\/\/jmanuel-uk.openapply.com\/\">formulaire d\u2019admission<\/a>.<\/p>\n<p>Pour chaque candidat il faudra joindre\u00a0les documents suivants au dossier :<\/p>\n<ul>\n<li style=\"margin-left: 30px;\"><span>Photo<\/span><\/li>\n<li style=\"margin-left: 30px;\"><span>Acte de naissance ou Livret de famille complet<\/span><\/li>\n<li style=\"margin-left: 30px;\">Passeport<\/li>\n<li style=\"margin-left: 30px;\"><span>Bulletins scolaires des deux derni\u00e8res ann\u00e9es et de l\u2019ann\u00e9e courante\u00a0<\/span><\/li>\n<li style=\"margin-left: 30px;\"><span>Lettre de recommandation sur la famille<\/span><\/li>\n<li style=\"margin-left: 30px;\"><span>Autorisation sign\u00e9e par les deux parents divorc\u00e9s ou s\u00e9par\u00e9s <\/span><\/li>\n<\/ul>\n<p><span>Pour soumettre le dossier, vous devez payer les frais d\u2019admission non-remboursable de \u00a3275 via <em>Stripe<\/em> ou par virement bancaire. <\/span><\/p>\n<hr \/>\n<p><strong>Nouveaux utilisateurs<\/strong> : si c&#8217;est la premiere fois que vous vous inscrivez \u00e0 un \u00e9v\u00e9nement ou soumettez un dossier d&#8217;admission, vous devrez cr\u00e9er un nouveau compte utilisateur.<br \/>\n<strong>Utilisateurs existants<\/strong> : si vous vous \u00eates d\u00e9j\u00e0 inscrit \u00e0 un \u00e9v\u00e9nement ou si avez soumis une candidature dans le pass\u00e9, vous aurez d\u00e9j\u00e0 cr\u00e9\u00e9 un compte utilisateur auquel il faudra vous connecter pour soumettre un nouveau dossier d\u2019inscription. Il faudra s\u00e9lectionner \u00ab Add a new applicant \u00bb, y compris si vous postulez \u00e0 nouveau pour le m\u00eame enfant.[\/vc_toggle][vc_toggle title=&#8221;Entretiens d\u2019admissions&#8221; style=&#8221;accordion_solid&#8221; color=&#8221;triangle&#8221;]\n<h4>Pour les familles qui vivent en Grande Bretagne<\/h4>\n<p>Nous demandons aux parents d\u2019assister \u00e0 une pr\u00e9sentation de l\u2019\u00e9cole, suivi d\u2019un questions et r\u00e9ponses. <a href=\"https:\/\/www.ecolejeanninemanuel.org.uk\/fr\/admissions\/presentations-de-lecole\/\">Inscrivez-vous ici<\/a>.<br \/>\nUne fois que les parents ont assist\u00e9 \u00e0 une pr\u00e9sentation de l\u2019\u00e9cole et rempli un formulaire d\u2019admission, nous vous enverrons la date pour un entretien d\u2019admission pour vous et votre enfant avec un membre de la direction.<\/p>\n<h4>Pour les familles inscrites \u00e0 l&#8217;Ecole Jeannine Manuel de Paris ou de Lille<\/h4>\n<p>Les familles avec des enfants inscrits \u00e0 l\u2019\u00c9cole Jeannine Manuel de Paris ou de Lille n&#8217;ont pas besoin de faire un entretien d&#8217;admission.<\/p>\n<h4>Pour les familles qui vivent \u00e0 l\u2019\u00e9tranger<\/h4>\n<p>Des dates de r\u00e9unions de pr\u00e9sentations virtuelles sont disponibles <a href=\"https:\/\/jmanuel-uk.openapply.com\/\">ici<\/a> et les entretiens pour les candidats et leurs parents peuvent\u00a0\u00eatre fait par <em>Zoom<\/em>.[\/vc_toggle][vc_toggle title=&#8221;Date limite&#8221; style=&#8221;accordion_solid&#8221; color=&#8221;triangle&#8221;]Les inscriptions restent ouvertes tout le long de l&#8217;ann\u00e9e. La d\u00e9cision de la Commission d&#8217;Admission est envoy\u00e9e environ deux semaines apr\u00e8s l&#8217;entretien.[\/vc_toggle][vc_toggle title=&#8221;Frais de scolarit\u00e9 &amp; bourses&#8221; style=&#8221;accordion_solid&#8221; color=&#8221;triangle&#8221;]Vous pouvez consulter nos frais de scolarit\u00e9 sur cette <a href=\"https:\/\/www.ecolejeanninemanuel.org.uk\/admissions\/fees-and-bursaries\/\">page<\/a>. Vous y trouverez aussi des informations concernant notre programme de bourses.[\/vc_toggle][vc_toggle title=&#8221;Grade equivalency chart (FR\/UK\/USA)&#8221; style=&#8221;accordion_solid&#8221; color=&#8221;triangle&#8221;]\n<table width=\"787\">\n<tbody>\n<tr>\n<td style=\"text-align: center;\" width=\"143\"><strong>AGE<\/strong><\/td>\n<td style=\"text-align: center;\" width=\"184\"><strong>FRANCE<\/strong><\/td>\n<td style=\"text-align: center;\" width=\"236\"><strong>UK<\/strong><\/td>\n<td style=\"text-align: center;\" width=\"224\"><strong>USA<\/strong><\/td>\n<\/tr>\n<tr>\n<td style=\"font-weight: 400; text-align: center;\" width=\"143\">3<\/td>\n<td style=\"font-weight: 400; text-align: center;\" width=\"184\">PS<\/td>\n<td style=\"font-weight: 400; text-align: center;\" width=\"236\">Nursery<\/td>\n<td style=\"font-weight: 400; text-align: center;\" width=\"224\">Pre-K<\/td>\n<\/tr>\n<tr>\n<td style=\"font-weight: 400; text-align: center;\" width=\"143\">4<\/td>\n<td style=\"font-weight: 400; text-align: center;\" width=\"184\">MS<\/td>\n<td style=\"font-weight: 400; text-align: center;\" width=\"236\">Reception<\/td>\n<td style=\"font-weight: 400; text-align: center;\" width=\"224\">Pre-K<\/td>\n<\/tr>\n<tr>\n<td style=\"font-weight: 400; text-align: center;\" width=\"143\">5<\/td>\n<td style=\"font-weight: 400; text-align: center;\" width=\"184\">GS<\/td>\n<td style=\"font-weight: 400; text-align: center;\" width=\"236\">Year 1<\/td>\n<td style=\"font-weight: 400; text-align: center;\" width=\"224\">K<\/td>\n<\/tr>\n<tr>\n<td style=\"font-weight: 400; text-align: center;\" width=\"143\">6<\/td>\n<td style=\"font-weight: 400; text-align: center;\" width=\"184\">CP<\/td>\n<td style=\"font-weight: 400; text-align: center;\" width=\"236\">Year 2<\/td>\n<td style=\"font-weight: 400; text-align: center;\" width=\"224\">1st<\/td>\n<\/tr>\n<tr>\n<td style=\"font-weight: 400; text-align: center;\" width=\"143\">7<\/td>\n<td style=\"font-weight: 400; text-align: center;\" width=\"184\">CE1<\/td>\n<td style=\"font-weight: 400; text-align: center;\" width=\"236\">Year 3<\/td>\n<td style=\"font-weight: 400; text-align: center;\" width=\"224\">2nd<\/td>\n<\/tr>\n<tr>\n<td style=\"font-weight: 400; text-align: center;\" width=\"143\">8<\/td>\n<td style=\"font-weight: 400; text-align: center;\" width=\"184\">CE2<\/td>\n<td style=\"font-weight: 400; text-align: center;\" width=\"236\">Year 4<\/td>\n<td style=\"font-weight: 400; text-align: center;\" width=\"224\">3rd<\/td>\n<\/tr>\n<tr>\n<td style=\"font-weight: 400; text-align: center;\" width=\"143\">9<\/td>\n<td style=\"font-weight: 400; text-align: center;\" width=\"184\">CM1<\/td>\n<td style=\"font-weight: 400; text-align: center;\" width=\"236\">Year 5<\/td>\n<td style=\"font-weight: 400; text-align: center;\" width=\"224\">4th<\/td>\n<\/tr>\n<tr>\n<td style=\"font-weight: 400; text-align: center;\" width=\"143\">10<\/td>\n<td style=\"font-weight: 400; text-align: center;\" width=\"184\">CM2<\/td>\n<td style=\"font-weight: 400; text-align: center;\" width=\"236\">Year 6<\/td>\n<td style=\"font-weight: 400; text-align: center;\" width=\"224\">5th<\/td>\n<\/tr>\n<tr>\n<td style=\"font-weight: 400; text-align: center;\" width=\"143\">11<\/td>\n<td style=\"font-weight: 400; text-align: center;\" width=\"184\">6\u00e8me<\/td>\n<td style=\"font-weight: 400; text-align: center;\" width=\"236\">Year 7<\/td>\n<td style=\"font-weight: 400; text-align: center;\" width=\"224\">6th<\/td>\n<\/tr>\n<tr>\n<td style=\"font-weight: 400; text-align: center;\" width=\"143\">12<\/td>\n<td style=\"font-weight: 400; text-align: center;\" width=\"184\">5\u00e8me<\/td>\n<td style=\"font-weight: 400; text-align: center;\" width=\"236\">Year 8<\/td>\n<td style=\"font-weight: 400; text-align: center;\" width=\"224\">7th<\/td>\n<\/tr>\n<tr>\n<td style=\"font-weight: 400; text-align: center;\" width=\"143\">13<\/td>\n<td style=\"font-weight: 400; text-align: center;\" width=\"184\">4\u00e8me<\/td>\n<td style=\"font-weight: 400; text-align: center;\" width=\"236\">Year 9<\/td>\n<td style=\"font-weight: 400; text-align: center;\" width=\"224\">8th<\/td>\n<\/tr>\n<tr>\n<td style=\"font-weight: 400; text-align: center;\" width=\"143\">14<\/td>\n<td style=\"font-weight: 400; text-align: center;\" width=\"184\">3\u00e8me<\/td>\n<td style=\"font-weight: 400; text-align: center;\" width=\"236\">Year 10<\/td>\n<td style=\"font-weight: 400; text-align: center;\" width=\"224\">9th<\/td>\n<\/tr>\n<tr>\n<td style=\"font-weight: 400; text-align: center;\" width=\"143\">15<\/td>\n<td style=\"font-weight: 400; text-align: center;\" width=\"184\">Seconde<\/td>\n<td style=\"font-weight: 400; text-align: center;\" width=\"236\">Year 11<\/td>\n<td style=\"font-weight: 400; text-align: center;\" width=\"224\">10th<\/td>\n<\/tr>\n<tr>\n<td style=\"font-weight: 400; text-align: center;\" width=\"143\">16<\/td>\n<td style=\"font-weight: 400; text-align: center;\">Premi\u00e8re<\/td>\n<td style=\"font-weight: 400; text-align: center;\" width=\"236\">Year 12<\/td>\n<td style=\"font-weight: 400; text-align: center;\" width=\"224\">11th<\/td>\n<\/tr>\n<tr>\n<td style=\"font-weight: 400; text-align: center;\" width=\"143\">17<\/td>\n<td style=\"font-weight: 400; text-align: center;\" width=\"184\">Terminale<\/td>\n<td style=\"font-weight: 400; text-align: center;\" width=\"236\">Year 13<\/td>\n<td style=\"font-weight: 400; text-align: center;\" width=\"224\">12th<\/td>\n<\/tr>\n<\/tbody>\n<\/table>\n[\/vc_toggle][vc_toggle title=&#8221;Admissions Policy&#8221; style=&#8221;accordion_solid&#8221; color=&#8221;triangle&#8221;]<a href=\"https:\/\/www.ecolejeanninemanuel.org.uk\/wp-content\/uploads\/2019\/10\/Admissions-Policy-EJMUK-201909.pdf\"><i class=\"fa fa-download\" aria-hidden=\"true\"><\/i><span>\u00a0<\/span>Download our Admissions Policy<\/a>[\/vc_toggle][vc_toggle title=&#8221;Crit\u00e8res linguistiques d&#8217;admission&#8221; style=&#8221;accordion_solid&#8221; color=&#8221;triangle&#8221;]<span>L\u2019\u00c9cole accueille des \u00e9l\u00e8ves bilingues aussi bien que des \u00e9l\u00e8ves d\u00e9butants en fran\u00e7ais \u00e0 tous les niveaux, ou n\u2019ayant que peu d\u2019anglais jusqu\u2019en 6\u00e8me. Pour plus d&#8217;informations concernant notre politique d&#8217;admission, veuillez consulter notre Policy ci-dessus.\u00a0<\/span>[\/vc_toggle][vc_toggle title=&#8221;Privacy Policy&#8221; style=&#8221;accordion_solid&#8221; color=&#8221;triangle&#8221;]<span>Vos donn\u00e9es personnels seront \u00e9tudi\u00e9 par l&#8217;\u00e9cole en accord avec le Data Protection Act 2018 et le GDPR. Veuillez voir notre\u00a0<\/span><a href=\"https:\/\/www.ecolejeanninemanuel.org.uk\/fr\/privacy-policy\/\" data-saferedirecturl=\"https:\/\/www.google.com\/url?q=https:\/\/www.ecolejeanninemanuel.org.uk\/privacy-policy\/&amp;source=gmail&amp;ust=1585039137433000&amp;usg=AFQjCNFy9MODvnZzKIpQ_WH0EBqRAfYBxw\">Privacy Policy<\/a><span>\u00a0pour plus de details.<\/span>[\/vc_toggle][\/vc_column_inner][vc_column_inner width=&#8221;1\/3&#8243;][gt3_spacing height=&#8221;30px&#8221;][vc_btn title=&#8221;&#8220;Heaven for a child who wants to be encouraged to think and discuss and experiment rather than regurgitate facts&#8220; &#8211; read our Good Schools Guide review!&#8221; style=&#8221;flat&#8221; color=&#8221;juicy-pink&#8221; size=&#8221;lg&#8221; align=&#8221;center&#8221; button_block=&#8221;true&#8221; link=&#8221;url:https%3A%2F%2Fwww.goodschoolsguide.co.uk%2Fschools%2F-cole-jeannine-manuel-london%2F6D9VFAR%23tab_review||target:%20_blank|&#8221;][vc_hoverbox image=&#8221;6602&#8243; primary_title=&#8221;Did you know?&#8221; primary_title_font_container=&#8221;font_size:30|color:%23ffffff&#8221; primary_title_use_theme_fonts=&#8221;yes&#8221; hover_title=&#8221;Did you know,&#8221; hover_title_font_container=&#8221;font_size:20&#8243; hover_title_use_theme_fonts=&#8221;yes&#8221; hover_btn_title=&#8221;Click here for more information on our Bursaries&#8221; hover_btn_style=&#8221;flat&#8221; hover_btn_color=&#8221;danger&#8221; use_custom_fonts_primary_title=&#8221;true&#8221; use_custom_fonts_hover_title=&#8221;true&#8221; hover_add_button=&#8221;true&#8221; hover_btn_link=&#8221;url:https%3A%2F%2Fwww.ecolejeanninemanuel.org.uk%2Fadmissions%2Ffees-and-bursaries%2F|||&#8221;]At present, 12% of our pupils benefit from financial aid covering an average of two thirds of their school fees.[\/vc_hoverbox][\/vc_column_inner][\/vc_row_inner][gt3_spacing height=&#8221;20px&#8221;][vc_cta h2=&#8221;&#8221; add_icon=&#8221;left&#8221; i_icon_fontawesome=&#8221;fa fa-quote-left&#8221; i_color=&#8221;custom&#8221; i_background_style=&#8221;rounded&#8221; i_background_color=&#8221;custom&#8221; i_on_border=&#8221;true&#8221; i_custom_color=&#8221;#df1a30&#8243; i_custom_background_color=&#8221;#f6f7f6&#8243;]<span><a href=\"https:\/\/www.ecolejeanninemanuel.org.uk\/fr\/a-propos\/jeannine-manuel\/\">Jeannine Manuel<\/a>\u2019s premise was that \u201c<em>learning a foreign language is, by itself, important; it is also a means to better understand others, to be able to think like them\u2014it provides access to the world.<\/em>\u201d<\/span>[\/vc_cta][gt3_spacing height=&#8221;50px&#8221;][\/vc_column][vc_column width=&#8221;1\/6&#8243;][\/vc_column][\/vc_row]\n<\/div>","protected":false},"excerpt":{"rendered":"<p>[vc_row full_width=&#8221;stretch_row&#8221; gap=&#8221;35&#8243; css=&#8221;.vc_custom_1568821641840{margin-top: 30px !important;background-image: url(https:\/\/www.ecolejeanninemanuel.org.uk\/wp-content\/uploads\/2018\/05\/admissionsbackground-2.jpg?id=1970) !important;background-position: center !important;background-repeat: no-repeat !important;background-size: cover !important;}&#8221;][vc_column width=&#8221;1\/6&#8243;][\/vc_column][vc_column width=&#8221;2\/3&#8243;][gt3_spacing height=&#8221;30px&#8221;][vc_column_text] Admissions [\/vc_column_text][gt3_spacing height=&#8221;30px&#8221;][vc_column_text]L\u2019\u00c9cole [&hellip;]<\/p>\n","protected":false},"author":1,"featured_media":0,"parent":0,"menu_order":0,"comment_status":"closed","ping_status":"closed","template":"","meta":{"protect_children":false,"footnotes":""},"class_list":["post-7988","page","type-page","status-publish","hentry"],"_links":{"self":[{"href":"https:\/\/www.ecolejeanninemanuel.org.uk\/fr\/wp-json\/wp\/v2\/pages\/7988","targetHints":{"allow":["GET"]}}],"collection":[{"href":"https:\/\/www.ecolejeanninemanuel.org.uk\/fr\/wp-json\/wp\/v2\/pages"}],"about":[{"href":"https:\/\/www.ecolejeanninemanuel.org.uk\/fr\/wp-json\/wp\/v2\/types\/page"}],"author":[{"embeddable":true,"href":"https:\/\/www.ecolejeanninemanuel.org.uk\/fr\/wp-json\/wp\/v2\/users\/1"}],"replies":[{"embeddable":true,"href":"https:\/\/www.ecolejeanninemanuel.org.uk\/fr\/wp-json\/wp\/v2\/comments?post=7988"}],"version-history":[{"count":0,"href":"https:\/\/www.ecolejeanninemanuel.org.uk\/fr\/wp-json\/wp\/v2\/pages\/7988\/revisions"}],"wp:attachment":[{"href":"https:\/\/www.ecolejeanninemanuel.org.uk\/fr\/wp-json\/wp\/v2\/media?parent=7988"}],"curies":[{"name":"wp","href":"https:\/\/api.w.org\/{rel}","templated":true}]}}