{"id":6930,"date":"2019-01-24T16:11:55","date_gmt":"2019-01-24T16:11:55","guid":{"rendered":"https:\/\/www.ecolejeanninemanuel.org.uk\/faire-un-don\/"},"modified":"2023-06-02T09:58:31","modified_gmt":"2023-06-02T08:58:31","slug":"faire-un-don","status":"publish","type":"page","link":"https:\/\/www.ecolejeanninemanuel.org.uk\/fr\/faire-un-don\/","title":{"rendered":"Faire un don"},"content":{"rendered":"<div class=\"wpb-content-wrapper\">[vc_row full_width=&#8221;stretch_row&#8221; css=&#8221;.vc_custom_1524844563645{margin-top: 40px !important;margin-right: 0px !important;margin-bottom: 0px !important;margin-left: 0px !important;background-color: #ffffff !important;}&#8221;][vc_column width=&#8221;1\/6&#8243;][\/vc_column][vc_column width=&#8221;2\/3&#8243;][gt3_spacing height=&#8221;20px&#8221;][vc_column_text]\n<h2 style=\"color: #3a3a3a;\">Faire un don<\/h2>\n[\/vc_column_text][gt3_spacing height=&#8221;20px&#8221;][vc_column_text]<strong>Merci pour votre soutien !\u00a0<\/strong><br \/>\nLudivine Hennessy Touret &#8211; <em>Development Committee Chair<\/em><br \/>\n<a href=\"mailto:charity@jmanuel.uk.net\">charity@jmanuel.uk.net<\/a>[\/vc_column_text][gt3_spacing height=&#8221;20px&#8221;][vc_video link=&#8221;https:\/\/youtu.be\/gpcS3jq_NOk&#8221; align=&#8221;center&#8221;][gt3_spacing height=&#8221;20px&#8221;][vc_column_text]<span lang=\"fr\">Votre don permet \u00e0 notre \u00c9cole d\u2019atteindre ses objectifs ambitieux:<\/span>[\/vc_column_text][gt3_spacing height=&#8221;20px&#8221;][vc_row_inner css=&#8221;.vc_custom_1545316868302{padding-left: 15px !important;}&#8221;][vc_column_inner][gt3_icon_box icon_type=&#8221;font&#8221; icon_fontawesome=&#8221;fa fa-graduation-cap&#8221; icon_position=&#8221;left&#8221; icon_size=&#8221;mini&#8221; icon_color=&#8221;#df1a30&#8243; title_tag=&#8221;h2&#8243; title_color=&#8221;#3a3a3a&#8221; text_color=&#8221;#3a3a3a&#8221; link_color=&#8221;#df1a30&#8243; link_hover_color=&#8221;#3a3a3a&#8221; new_tab=&#8221;&#8221; icon_circle=&#8221;&#8221; icon_add_number=&#8221;&#8221; text=&#8221;Proposer un projet p\u00e9dagogique fort mettant autant l\u2019accent sur l\u2019excellence acad\u00e9mique de nos \u00e9l\u00e8ves que sur leur d\u00e9veloppement personnel et leur bien-\u00eatre;&#8221;][gt3_spacing height=&#8221;20px&#8221;][gt3_icon_box icon_type=&#8221;font&#8221; icon_fontawesome=&#8221;fa fa-cogs&#8221; icon_position=&#8221;left&#8221; icon_size=&#8221;mini&#8221; icon_color=&#8221;#df1a30&#8243; title_tag=&#8221;h2&#8243; title_color=&#8221;#3a3a3a&#8221; text_color=&#8221;#3a3a3a&#8221; link_color=&#8221;#df1a30&#8243; link_hover_color=&#8221;#3a3a3a&#8221; new_tab=&#8221;&#8221; icon_circle=&#8221;&#8221; icon_add_number=&#8221;&#8221; text=&#8221;Poursuivre l\u2019innovation p\u00e9dagogique en restant \u00e0 l\u2019\u00e9coute des meilleures pratiques;&#8221;][gt3_spacing height=&#8221;20px&#8221;][gt3_icon_box icon_type=&#8221;font&#8221; icon_fontawesome=&#8221;fa fa-bolt&#8221; icon_position=&#8221;left&#8221; icon_size=&#8221;mini&#8221; icon_color=&#8221;#df1a30&#8243; title_tag=&#8221;h2&#8243; title_color=&#8221;#3a3a3a&#8221; text_color=&#8221;#3a3a3a&#8221; link_color=&#8221;#df1a30&#8243; link_hover_color=&#8221;#3a3a3a&#8221; new_tab=&#8221;&#8221; icon_circle=&#8221;&#8221; icon_add_number=&#8221;&#8221; text=&#8221;Assurer une formation continue pour nos enseignants qui portent avec enthousiasme et d\u00e9vouement le projet de l\u2019\u00e9cole, comme \u00e0 travers notre partenariat avec le Shakespeare Globe Theatre;&#8221;][gt3_spacing height=&#8221;20px&#8221;][gt3_icon_box icon_type=&#8221;font&#8221; icon_fontawesome=&#8221;fa fa-universal-access&#8221; icon_position=&#8221;left&#8221; icon_size=&#8221;mini&#8221; icon_color=&#8221;#df1a30&#8243; title_tag=&#8221;h2&#8243; title_color=&#8221;#3a3a3a&#8221; text_color=&#8221;#3a3a3a&#8221; link_color=&#8221;#df1a30&#8243; link_hover_color=&#8221;#3a3a3a&#8221; new_tab=&#8221;&#8221; icon_circle=&#8221;&#8221; icon_add_number=&#8221;&#8221; text=&#8221;Disposer de plus de bourses pour \u00e9l\u00e8ves m\u00e9ritants. Cette ann\u00e9e, nous sommes fiers de pouvoir proposer des bourses \u00e0 11% de nos \u00e9l\u00e8ves. Cela repr\u00e9sente une augmentation de 80% depuis l\u2019ann\u00e9e derni\u00e8re et nous rapproche de notre objectif d\u2019atteindre 20% de boursiers dans notre \u00e9cole d\u2019ici cinq ans.&#8221;][\/vc_column_inner][\/vc_row_inner][gt3_spacing height=&#8221;20px&#8221;][vc_row_inner equal_height=&#8221;yes&#8221; content_placement=&#8221;top&#8221; gap=&#8221;20&#8243; css=&#8221;.vc_custom_1675092321469{background-color: rgba(223,26,48,0.2) !important;*background-color: rgb(223,26,48) !important;border-radius: 10px !important;}&#8221;][vc_column_inner width=&#8221;2\/3&#8243; css=&#8221;.vc_custom_1675092301052{border-radius: 10px !important;}&#8221;][vc_column_text css=&#8221;.vc_custom_1675092435148{margin-top: -10px !important;padding-right: 10px !important;padding-bottom: 10px !important;padding-left: 10px !important;}&#8221;]<strong><u>UK taxpayers:<\/u><\/strong><\/p>\n<p><span style=\"color: #333333;\">UK taxpayers are able to donate through Gift Aid.<\/span><\/p>\n<p><span style=\"color: #333333;\">Donating through Gift Aid means the School will be able to claim an extra 25p for every \u00a31 you give, at no extra cost to yourselves.<br \/>\nWhen making a donation to the School you will be asked to make a Gift Aid declaration to help the School to make the claim to HMRC.<\/span><\/p>\n<p><span style=\"color: #333333;\">For more information on Gift Aid and Taxes\u00a0please see visit the HMRC website:\u00a0<a href=\"https:\/\/www.gov.uk\/donating-to-charity\/gift-aid\">https:\/\/www.gov.uk\/donating-to-charity\/gift-aid<\/a><\/span>[\/vc_column_text][\/vc_column_inner][vc_column_inner width=&#8221;1\/3&#8243;][gt3_spacing height=&#8221;20px&#8221;][vc_single_image image=&#8221;6608&#8243; img_size=&#8221;medium&#8221; alignment=&#8221;center&#8221;][gt3_spacing height=&#8221;30px&#8221;][gt3_button button_title=&#8221;Faire un don&#8221; button_size=&#8221;large&#8221; button_alignment=&#8221;center&#8221; btn_font_size=&#8221;16&#8243; link=&#8221;url:https%3A%2F%2Fwww.paypal.com%2Fgb%2Ffundraiser%2Fcharity%2F3224495||target:%20_blank|&#8221;][vc_column_text]<span><em>via PayPal\u00aeGivingFund<\/em><\/span>[\/vc_column_text][\/vc_column_inner][\/vc_row_inner][gt3_spacing height=&#8221;20px&#8221;][vc_row_inner equal_height=&#8221;yes&#8221; content_placement=&#8221;top&#8221; gap=&#8221;20&#8243; css=&#8221;.vc_custom_1675092561580{background-color: rgba(17,128,185,0.2) !important;*background-color: rgb(17,128,185) !important;border-radius: 10px !important;}&#8221;][vc_column_inner width=&#8221;2\/3&#8243;][vc_column_text css=&#8221;.vc_custom_1548349245985{margin-top: -10px !important;padding-right: 10px !important;padding-bottom: 10px !important;padding-left: 10px !important;}&#8221;]<strong><u>Dons de r\u00e9sidents fiscaux fran\u00e7ais:<\/u><\/strong><\/p>\n<p>Pour les r\u00e9sidents fiscaux fran\u00e7ais, il est possible de faire un don par l\u2019interm\u00e9diaire de la <a href=\"http:\/\/en.fondationjeanninemanuelgala.org\/\" target=\"_blank\" rel=\"noopener\">Fondation Jeannine Manuel.<\/a><\/p>\n<p>Il suffit d\u2019indiquer que le don est \u00e0 l\u2019intention de l\u2019\u00c9cole Jeannine Manuel \u00e0 Londres et celui-ci sera transf\u00e9r\u00e9 \u00e0 notre association au Royaume-Uni.[\/vc_column_text][\/vc_column_inner][vc_column_inner width=&#8221;1\/3&#8243;][gt3_spacing height=&#8221;20px&#8221;][vc_single_image image=&#8221;6609&#8243; img_size=&#8221;medium&#8221; alignment=&#8221;center&#8221; onclick=&#8221;custom_link&#8221; img_link_target=&#8221;_blank&#8221; link=&#8221;http:\/\/en.fondationjeanninemanuelgala.org\/&#8221;][gt3_spacing height=&#8221;30px&#8221;][gt3_button button_title=&#8221;Faire un don&#8221; button_size=&#8221;large&#8221; button_alignment=&#8221;center&#8221; btn_font_size=&#8221;16&#8243; use_theme_button=&#8221;&#8221; btn_bg_color=&#8221;#0a81ba&#8221; btn_text_color=&#8221;#ffffff&#8221; btn_bg_color_hover=&#8221;#ffffff&#8221; btn_text_color_hover=&#8221;#0a81ba&#8221; btn_icon_color=&#8221;#ffffff&#8221; btn_icon_color_hover=&#8221;#ffffff&#8221; btn_border_color=&#8221;#0a81ba&#8221; btn_border_color_hover=&#8221;#0a81ba&#8221; link=&#8221;url:https%3A%2F%2Fdons.fondationdefrance.org%2FJEANNINE_MANUEL%2F~mon-don%3F_cv%3D1||target:%20_blank|&#8221;][vc_column_text]<em>via La Fondation de France<\/em>[\/vc_column_text][\/vc_column_inner][\/vc_row_inner][gt3_spacing height=&#8221;20&#8243;][\/vc_column][vc_column width=&#8221;1\/6&#8243;][\/vc_column][\/vc_row][vc_row][vc_column][gt3_spacing height=&#8221;50px&#8221;][\/vc_column][\/vc_row]\n<\/div>","protected":false},"excerpt":{"rendered":"<p>[vc_row full_width=&#8221;stretch_row&#8221; css=&#8221;.vc_custom_1524844563645{margin-top: 40px !important;margin-right: 0px !important;margin-bottom: 0px !important;margin-left: 0px !important;background-color: #ffffff !important;}&#8221;][vc_column width=&#8221;1\/6&#8243;][\/vc_column][vc_column width=&#8221;2\/3&#8243;][gt3_spacing height=&#8221;20px&#8221;][vc_column_text] Faire un don [\/vc_column_text][gt3_spacing [&hellip;]<\/p>\n","protected":false},"author":1,"featured_media":0,"parent":0,"menu_order":0,"comment_status":"closed","ping_status":"closed","template":"","meta":{"protect_children":false,"footnotes":""},"class_list":["post-6930","page","type-page","status-publish","hentry"],"_links":{"self":[{"href":"https:\/\/www.ecolejeanninemanuel.org.uk\/fr\/wp-json\/wp\/v2\/pages\/6930","targetHints":{"allow":["GET"]}}],"collection":[{"href":"https:\/\/www.ecolejeanninemanuel.org.uk\/fr\/wp-json\/wp\/v2\/pages"}],"about":[{"href":"https:\/\/www.ecolejeanninemanuel.org.uk\/fr\/wp-json\/wp\/v2\/types\/page"}],"author":[{"embeddable":true,"href":"https:\/\/www.ecolejeanninemanuel.org.uk\/fr\/wp-json\/wp\/v2\/users\/1"}],"replies":[{"embeddable":true,"href":"https:\/\/www.ecolejeanninemanuel.org.uk\/fr\/wp-json\/wp\/v2\/comments?post=6930"}],"version-history":[{"count":0,"href":"https:\/\/www.ecolejeanninemanuel.org.uk\/fr\/wp-json\/wp\/v2\/pages\/6930\/revisions"}],"wp:attachment":[{"href":"https:\/\/www.ecolejeanninemanuel.org.uk\/fr\/wp-json\/wp\/v2\/media?parent=6930"}],"curies":[{"name":"wp","href":"https:\/\/api.w.org\/{rel}","templated":true}]}}