{"id":6926,"date":"2019-01-24T16:02:07","date_gmt":"2019-01-24T16:02:07","guid":{"rendered":"https:\/\/www.ecolejeanninemanuel.org.uk\/pedagogie\/"},"modified":"2026-05-05T17:21:29","modified_gmt":"2026-05-05T16:21:29","slug":"pedagogie","status":"publish","type":"page","link":"https:\/\/www.ecolejeanninemanuel.org.uk\/fr\/pedagogie\/","title":{"rendered":"P\u00e9dagogie"},"content":{"rendered":"<div class=\"wpb-content-wrapper\">[vc_row full_width=&#8221;stretch_row&#8221; css=&#8221;.vc_custom_1548927778320{margin-top: 40px !important;padding-bottom: 150px !important;background-image: url(https:\/\/www.ecolejeanninemanuel.org.uk\/wp-content\/uploads\/2018\/11\/home-aca-1.jpg?id=5189) !important;background-position: center !important;background-repeat: no-repeat !important;background-size: cover !important;}&#8221;][vc_column width=&#8221;1\/6&#8243;][\/vc_column][vc_column width=&#8221;2\/3&#8243;][gt3_spacing height=&#8221;30px&#8221;][vc_column_text]\n<h2 style=\"color: white;\">P\u00e9dagogie<\/h2>\n[\/vc_column_text][gt3_spacing height=&#8221;20px&#8221;][vc_column_text css=&#8221;&#8221;]\n<p style=\"color: white;\"><span style=\"color: #ffffff;\">La Jeannine Manuel School ancre ses m\u00e9thodes p\u00e9dagogiques dans la cr\u00e9ativit\u00e9 inn\u00e9e des enfants, leur app\u00e9tit de culture et leur curiosit\u00e9 sans limite. Notre \u00e9quipe p\u00e9dagogique rassemble des experts sp\u00e9cialis\u00e9s dans l\u2019apprentissage de la lecture, de l\u2019\u00e9criture, des math\u00e9matiques et des sciences. Ils contribuent \u00e0 l\u2019innovation p\u00e9dagogique dans les classes et veillent \u00e0 la formation continue des enseignants.<\/span><\/p>\n<p style=\"color: white;\"><span style=\"color: #ffffff;\">La p\u00e9dagogie de la Jeannine Manuel School repose sur plusieurs piliers:<\/span><\/p>\n<ul>\n<li style=\"color: white;\"><span style=\"color: #ffffff;\">Veiller \u00e0 la solidit\u00e9 des apprentissages fondamentaux<\/span><\/li>\n<li style=\"color: white;\"><span style=\"color: #ffffff;\">D\u00e9velopper l\u2019esprit critique<\/span><\/li>\n<li style=\"color: white;\"><span style=\"color: #ffffff;\">Soutenir la curiosit\u00e9 et la confiance en soi<\/span><\/li>\n<\/ul>\n<p style=\"color: white;\"><span style=\"color: #ffffff;\">Pour atteindre ces objectifs, l\u2019apprentissage \u00e0 l\u2019\u00e9cole repose sur l\u2019effort et l\u2019engagement des \u00e9l\u00e8ves, qui sont acteurs de leurs apprentissages et conscients de leurs progressions. Le contenu des programmes enseign\u00e9s est celui des programmes officiels du minist\u00e8re de l&#8217;\u00c9ducation nationale, \u00e0 l&#8217;exception des programmes d&#8217;anglais, sciences et chinois, qui sont propres \u00e0 la Jeannine Manuel School.<\/span><\/p>\n[\/vc_column_text][gt3_spacing height=&#8221;50px&#8221;][vc_row_inner content_placement=&#8221;middle&#8221;][vc_column_inner width=&#8221;1\/2&#8243;][gt3_button button_title=&#8221;Bilinguisme&#8221; button_alignment=&#8221;block&#8221; btn_icon_type=&#8221;font&#8221; btn_icon_fontawesome=&#8221;fa fa-language&#8221; btn_font_size=&#8221;14&#8243; use_theme_button=&#8221;&#8221; btn_bg_color=&#8221;rgba(223,26,48,0.7)&#8221; btn_text_color=&#8221;#ffffff&#8221; btn_bg_color_hover=&#8221;#df1a30&#8243; btn_text_color_hover=&#8221;#ffffff&#8221; btn_icon_color=&#8221;#ffffff&#8221; btn_icon_color_hover=&#8221;#ffffff&#8221; btn_border_color=&#8221;#ffffff&#8221; btn_border_color_hover=&#8221;#df1a30&#8243; link=&#8221;url:https%3A%2F%2Fwww.ecolejeanninemanuel.org.uk%2Ffr%2Fpedagogie%2Fbilinguisme%2F|||&#8221;][gt3_button button_title=&#8221;Lire et \u00e9crire&#8221; button_alignment=&#8221;block&#8221; btn_icon_type=&#8221;font&#8221; btn_icon_fontawesome=&#8221;fa fa-book&#8221; btn_font_size=&#8221;14&#8243; use_theme_button=&#8221;&#8221; btn_bg_color=&#8221;rgba(223,26,48,0.7)&#8221; btn_text_color=&#8221;#ffffff&#8221; btn_bg_color_hover=&#8221;#df1a30&#8243; btn_text_color_hover=&#8221;#ffffff&#8221; btn_icon_color=&#8221;#ffffff&#8221; btn_icon_color_hover=&#8221;#ffffff&#8221; btn_border_color=&#8221;#ffffff&#8221; btn_border_color_hover=&#8221;#df1a30&#8243; link=&#8221;url:https%3A%2F%2Fwww.ecolejeanninemanuel.org.uk%2Ffr%2Fpedagogie%2Flire-et-ecrire%2F|||&#8221;][\/vc_column_inner][vc_column_inner width=&#8221;1\/2&#8243;][gt3_button button_title=&#8221;Esprit Scientifique&#8221; button_alignment=&#8221;block&#8221; btn_icon_type=&#8221;font&#8221; btn_icon_fontawesome=&#8221;fa fa-flask&#8221; btn_font_size=&#8221;14&#8243; use_theme_button=&#8221;&#8221; btn_bg_color=&#8221;rgba(223,26,48,0.7)&#8221; btn_text_color=&#8221;#ffffff&#8221; btn_bg_color_hover=&#8221;#df1a30&#8243; btn_text_color_hover=&#8221;#ffffff&#8221; btn_icon_color=&#8221;#ffffff&#8221; btn_icon_color_hover=&#8221;#ffffff&#8221; btn_border_color=&#8221;#ffffff&#8221; btn_border_color_hover=&#8221;#df1a30&#8243; link=&#8221;url:https%3A%2F%2Fwww.ecolejeanninemanuel.org.uk%2Ffr%2Fpedagogie%2Fesprit-scientifique%2F|||&#8221;][gt3_button button_title=&#8221;Sections internationales&#8221; button_alignment=&#8221;block&#8221; btn_icon_type=&#8221;font&#8221; btn_icon_fontawesome=&#8221;fa fa-globe&#8221; btn_font_size=&#8221;14&#8243; use_theme_button=&#8221;&#8221; btn_bg_color=&#8221;rgba(223,26,48,0.7)&#8221; btn_text_color=&#8221;#ffffff&#8221; btn_bg_color_hover=&#8221;#df1a30&#8243; btn_text_color_hover=&#8221;#ffffff&#8221; btn_icon_color=&#8221;#ffffff&#8221; btn_icon_color_hover=&#8221;#ffffff&#8221; btn_border_color=&#8221;#ffffff&#8221; btn_border_color_hover=&#8221;#df1a30&#8243; link=&#8221;url:https%3A%2F%2Fwww.ecolejeanninemanuel.org.uk%2Ffr%2Fsections-internationales%2F|||&#8221;][\/vc_column_inner][\/vc_row_inner][vc_column_text css=&#8221;&#8221;]\n<h3 style=\"text-align: center;\"><span style=\"color: #ffffff;\">Lyc\u00e9e &amp; \u00c9tudes Sup\u00e9rieures<\/span><\/h3>\n[\/vc_column_text][gt3_spacing height=&#8221;20px&#8221;][gt3_button button_title=&#8221;L&#8217;ann\u00e9e de 2nde: en route vers le baccalaur\u00e9at&#8221; button_alignment=&#8221;block&#8221; btn_icon_type=&#8221;font&#8221; btn_icon_fontawesome=&#8221;fa fa-graduation-cap&#8221; btn_font_size=&#8221;14&#8243; use_theme_button=&#8221;&#8221; btn_bg_color=&#8221;rgba(223,26,48,0.7)&#8221; btn_text_color=&#8221;#ffffff&#8221; btn_bg_color_hover=&#8221;#df1a30&#8243; btn_text_color_hover=&#8221;#ffffff&#8221; btn_icon_color=&#8221;#ffffff&#8221; btn_icon_color_hover=&#8221;#ffffff&#8221; btn_border_color=&#8221;#ffffff&#8221; btn_border_color_hover=&#8221;#df1a30&#8243; link=&#8221;url:https%3A%2F%2Fwww.ecolejeanninemanuel.org.uk%2Facademic%2Fyear-11&#8243;][gt3_button button_title=&#8221;Bacclaur\u00e9at Fran\u00e7ais International (BFI)&#8221; button_alignment=&#8221;block&#8221; btn_icon_type=&#8221;font&#8221; btn_icon_fontawesome=&#8221;fa fa-graduation-cap&#8221; btn_font_size=&#8221;14&#8243; use_theme_button=&#8221;&#8221; btn_bg_color=&#8221;rgba(223,26,48,0.7)&#8221; btn_text_color=&#8221;#ffffff&#8221; btn_bg_color_hover=&#8221;#df1a30&#8243; btn_text_color_hover=&#8221;#ffffff&#8221; btn_icon_color=&#8221;#ffffff&#8221; btn_icon_color_hover=&#8221;#ffffff&#8221; btn_border_color=&#8221;#ffffff&#8221; btn_border_color_hover=&#8221;#df1a30&#8243; link=&#8221;url:https%3A%2F%2Fwww.ecolejeanninemanuel.org.uk%2Ffr%2Fpedagogie%2Fbaccalaureat-francais-international-bfi%2F&#8221;][gt3_button button_title=&#8221;International Baccalaureate (&#8220;IB&#8220;) &#8221; button_alignment=&#8221;block&#8221; btn_icon_type=&#8221;font&#8221; btn_icon_fontawesome=&#8221;fa fa-graduation-cap&#8221; btn_font_size=&#8221;14&#8243; use_theme_button=&#8221;&#8221; btn_bg_color=&#8221;rgba(223,26,48,0.7)&#8221; btn_text_color=&#8221;#ffffff&#8221; btn_bg_color_hover=&#8221;#df1a30&#8243; btn_text_color_hover=&#8221;#ffffff&#8221; btn_icon_color=&#8221;#ffffff&#8221; btn_icon_color_hover=&#8221;#ffffff&#8221; btn_border_color=&#8221;#ffffff&#8221; btn_border_color_hover=&#8221;#df1a30&#8243; link=&#8221;url:https%3A%2F%2Fwww.ecolejeanninemanuel.org.uk%2Facademic%2Fsixth-form-international-baccalaureate-ib%2F&#8221;][gt3_spacing height=&#8221;50px&#8221;][\/vc_column][vc_column width=&#8221;1\/6&#8243;][\/vc_column][\/vc_row][vc_row full_width=&#8221;stretch_row&#8221; css=&#8221;.vc_custom_1541697212323{background-color: #ffffff !important;}&#8221;][vc_column][\/vc_column][\/vc_row]\n<\/div>","protected":false},"excerpt":{"rendered":"<p>[vc_row full_width=&#8221;stretch_row&#8221; css=&#8221;.vc_custom_1548927778320{margin-top: 40px !important;padding-bottom: 150px !important;background-image: url(https:\/\/www.ecolejeanninemanuel.org.uk\/wp-content\/uploads\/2018\/11\/home-aca-1.jpg?id=5189) !important;background-position: center !important;background-repeat: no-repeat !important;background-size: cover !important;}&#8221;][vc_column width=&#8221;1\/6&#8243;][\/vc_column][vc_column width=&#8221;2\/3&#8243;][gt3_spacing height=&#8221;30px&#8221;][vc_column_text] P\u00e9dagogie [\/vc_column_text][gt3_spacing [&hellip;]<\/p>\n","protected":false},"author":1,"featured_media":0,"parent":0,"menu_order":0,"comment_status":"closed","ping_status":"closed","template":"","meta":{"protect_children":false,"footnotes":""},"class_list":["post-6926","page","type-page","status-publish","hentry"],"_links":{"self":[{"href":"https:\/\/www.ecolejeanninemanuel.org.uk\/fr\/wp-json\/wp\/v2\/pages\/6926","targetHints":{"allow":["GET"]}}],"collection":[{"href":"https:\/\/www.ecolejeanninemanuel.org.uk\/fr\/wp-json\/wp\/v2\/pages"}],"about":[{"href":"https:\/\/www.ecolejeanninemanuel.org.uk\/fr\/wp-json\/wp\/v2\/types\/page"}],"author":[{"embeddable":true,"href":"https:\/\/www.ecolejeanninemanuel.org.uk\/fr\/wp-json\/wp\/v2\/users\/1"}],"replies":[{"embeddable":true,"href":"https:\/\/www.ecolejeanninemanuel.org.uk\/fr\/wp-json\/wp\/v2\/comments?post=6926"}],"version-history":[{"count":2,"href":"https:\/\/www.ecolejeanninemanuel.org.uk\/fr\/wp-json\/wp\/v2\/pages\/6926\/revisions"}],"predecessor-version":[{"id":17215,"href":"https:\/\/www.ecolejeanninemanuel.org.uk\/fr\/wp-json\/wp\/v2\/pages\/6926\/revisions\/17215"}],"wp:attachment":[{"href":"https:\/\/www.ecolejeanninemanuel.org.uk\/fr\/wp-json\/wp\/v2\/media?parent=6926"}],"curies":[{"name":"wp","href":"https:\/\/api.w.org\/{rel}","templated":true}]}}