{"id":6882,"date":"2019-01-18T15:05:47","date_gmt":"2019-01-18T15:05:47","guid":{"rendered":"https:\/\/www.ecolejeanninemanuel.org.uk\/la-vie-a-lecole\/"},"modified":"2025-03-17T11:37:59","modified_gmt":"2025-03-17T11:37:59","slug":"la-vie-a-lecole","status":"publish","type":"page","link":"https:\/\/www.ecolejeanninemanuel.org.uk\/fr\/la-vie-a-lecole\/","title":{"rendered":"La vie \u00e0 l&#8217;\u00e9cole"},"content":{"rendered":"<div class=\"wpb-content-wrapper\">[vc_row full_width=&#8221;stretch_row&#8221; css=&#8221;.vc_custom_1572014689093{margin-top: 30px !important;background-image: url(https:\/\/www.ecolejeanninemanuel.org.uk\/wp-content\/uploads\/2018\/11\/home-life.jpg?id=5191) !important;background-position: center !important;background-repeat: no-repeat !important;background-size: cover !important;}&#8221;][vc_column width=&#8221;1\/6&#8243;][\/vc_column][vc_column width=&#8221;2\/3&#8243;][vc_row_inner][vc_column_inner][gt3_spacing height=&#8221;100px&#8221;][vc_column_text]\n<h1 style=\"text-align: center;\"><span style=\"color: #ffffff;\">La vie \u00e0 l&#8217;\u00e9cole<\/span><\/h1>\n[\/vc_column_text][gt3_spacing height=&#8221;100px&#8221;][\/vc_column_inner][\/vc_row_inner][vc_row_inner][vc_column_inner width=&#8221;1\/3&#8243;][gt3_button button_title=&#8221;Vid\u00e9os&#8221; button_alignment=&#8221;center&#8221; btn_icon_type=&#8221;font&#8221; btn_icon_fontawesome=&#8221;fa fa-video-camera&#8221; btn_font_size=&#8221;16&#8243; use_theme_button=&#8221;&#8221; btn_bg_color=&#8221;rgba(171,192,78,0.7)&#8221; btn_text_color=&#8221;#ffffff&#8221; btn_bg_color_hover=&#8221;#abc04e&#8221; btn_text_color_hover=&#8221;#ffffff&#8221; btn_icon_color=&#8221;#ffffff&#8221; btn_icon_color_hover=&#8221;#ffffff&#8221; btn_border_color=&#8221;#ffffff&#8221; btn_border_color_hover=&#8221;#abc04e&#8221; item_el_class=&#8221;.special-btn&#8221; link=&#8221;url:http%3A%2F%2Fwww.ecolejeanninemanuel.org.uk%2Fabout-us%2Fvideos%2F|||&#8221;][\/vc_column_inner][vc_column_inner width=&#8221;1\/3&#8243;][gt3_button button_title=&#8221;News&#8221; button_alignment=&#8221;center&#8221; btn_icon_type=&#8221;font&#8221; btn_icon_fontawesome=&#8221;fa fa-bullhorn&#8221; btn_font_size=&#8221;16&#8243; use_theme_button=&#8221;&#8221; btn_bg_color=&#8221;rgba(223,26,48,0.8)&#8221; btn_text_color=&#8221;#ffffff&#8221; btn_bg_color_hover=&#8221;#df1a30&#8243; btn_text_color_hover=&#8221;#ffffff&#8221; btn_icon_color=&#8221;#ffffff&#8221; btn_icon_color_hover=&#8221;#ffffff&#8221; btn_border_color=&#8221;#ffffff&#8221; btn_border_color_hover=&#8221;#df1a30&#8243; item_el_class=&#8221;.special-btn&#8221; link=&#8221;url:http%3A%2F%2Fwww.ecolejeanninemanuel.org.uk%2Fnews%2F|||&#8221;][gt3_button button_title=&#8221;Nos newsletters!&#8221; button_alignment=&#8221;center&#8221; btn_icon_type=&#8221;font&#8221; btn_icon_fontawesome=&#8221;far fa-newspaper&#8221; btn_font_size=&#8221;16&#8243; use_theme_button=&#8221;&#8221; btn_bg_color=&#8221;rgba(223,26,48,0.8)&#8221; btn_text_color=&#8221;#ffffff&#8221; btn_bg_color_hover=&#8221;#df1a30&#8243; btn_text_color_hover=&#8221;#ffffff&#8221; btn_icon_color=&#8221;#ffffff&#8221; btn_icon_color_hover=&#8221;#ffffff&#8221; btn_border_color=&#8221;#ffffff&#8221; btn_border_color_hover=&#8221;#df1a30&#8243; item_el_class=&#8221;.special-btn&#8221; link=&#8221;url:https%3A%2F%2Fwww.ecolejeanninemanuel.org.uk%2Fnewsletter%2F&#8221;][\/vc_column_inner][vc_column_inner width=&#8221;1\/3&#8243;][gt3_button button_title=&#8221;Tour Virtuel&#8221; button_alignment=&#8221;center&#8221; btn_icon_type=&#8221;font&#8221; btn_icon_fontawesome=&#8221;fa fa-eye&#8221; btn_font_size=&#8221;16&#8243; use_theme_button=&#8221;&#8221; btn_bg_color=&#8221;rgba(65,148,167,0.7)&#8221; btn_text_color=&#8221;#ffffff&#8221; btn_bg_color_hover=&#8221;#4194a7&#8243; btn_text_color_hover=&#8221;#ffffff&#8221; btn_icon_color=&#8221;#ffffff&#8221; btn_icon_color_hover=&#8221;#ffffff&#8221; btn_border_color=&#8221;#ffffff&#8221; btn_border_color_hover=&#8221;#4194a7&#8243; item_el_class=&#8221;.special-btn&#8221; link=&#8221;url:https%3A%2F%2Fwww.ecolejeanninemanuel.org.uk%2Fvirtual-tour%2F|||&#8221;][\/vc_column_inner][\/vc_row_inner][gt3_spacing height=&#8221;100px&#8221;][\/vc_column][vc_column width=&#8221;1\/6&#8243;][\/vc_column][\/vc_row][vc_row][vc_column width=&#8221;1\/6&#8243;][\/vc_column][vc_column width=&#8221;2\/3&#8243;][gt3_spacing height=&#8221;32px&#8221;][vc_column_text]\n<h3>Information &amp; Rapports d&#8217;Inspection<\/h3>\n[\/vc_column_text][gt3_spacing height=&#8221;32px&#8221;][vc_row_inner][vc_column_inner width=&#8221;1\/2&#8243;][gt3_button button_title=&#8221;Calendrier Scolaire 2025-20256&#8243; button_alignment=&#8221;center&#8221; btn_icon_type=&#8221;font&#8221; btn_icon_fontawesome=&#8221;fa fa-calendar&#8221; btn_font_size=&#8221;16&#8243; use_theme_button=&#8221;&#8221; btn_bg_color=&#8221;rgba(65,148,167,0.7)&#8221; btn_text_color=&#8221;#ffffff&#8221; btn_bg_color_hover=&#8221;#4194a7&#8243; btn_text_color_hover=&#8221;#ffffff&#8221; btn_icon_color=&#8221;#ffffff&#8221; btn_icon_color_hover=&#8221;#ffffff&#8221; btn_border_color=&#8221;#ffffff&#8221; btn_border_color_hover=&#8221;#4194a7&#8243; item_el_class=&#8221;.special-btn&#8221; link=&#8221;url:https%3A%2F%2Fwww.ecolejeanninemanuel.org.uk%2Fschool-life%2Fschool-calendar-2025-2026%2F&#8221;][gt3_button button_title=&#8221;Calendrier Scolaire 2024-2025&#8243; button_alignment=&#8221;center&#8221; btn_icon_type=&#8221;font&#8221; btn_icon_fontawesome=&#8221;fa fa-calendar&#8221; btn_font_size=&#8221;16&#8243; use_theme_button=&#8221;&#8221; btn_bg_color=&#8221;rgba(65,148,167,0.7)&#8221; btn_text_color=&#8221;#ffffff&#8221; btn_bg_color_hover=&#8221;#4194a7&#8243; btn_text_color_hover=&#8221;#ffffff&#8221; btn_icon_color=&#8221;#ffffff&#8221; btn_icon_color_hover=&#8221;#ffffff&#8221; btn_border_color=&#8221;#ffffff&#8221; btn_border_color_hover=&#8221;#4194a7&#8243; item_el_class=&#8221;.special-btn&#8221; link=&#8221;url:https%3A%2F%2Fwww.ecolejeanninemanuel.org.uk%2Fschool-life%2Fschool-calendar-2024-2025%2F&#8221;][gt3_button button_title=&#8221;Emplois du Temps&#8221; button_alignment=&#8221;center&#8221; btn_icon_type=&#8221;font&#8221; btn_icon_fontawesome=&#8221;fa fa-calendar&#8221; btn_font_size=&#8221;16&#8243; use_theme_button=&#8221;&#8221; btn_bg_color=&#8221;rgba(65,148,167,0.7)&#8221; btn_text_color=&#8221;#ffffff&#8221; btn_bg_color_hover=&#8221;#4194a7&#8243; btn_text_color_hover=&#8221;#ffffff&#8221; btn_icon_color=&#8221;#ffffff&#8221; btn_icon_color_hover=&#8221;#ffffff&#8221; btn_border_color=&#8221;#ffffff&#8221; btn_border_color_hover=&#8221;#4194a7&#8243; item_el_class=&#8221;.special-btn&#8221; link=&#8221;url:http%3A%2F%2Fwww.ecolejeanninemanuel.org.uk%2Fschool-life%2Fschool-schedule%2F|||&#8221;][gt3_button button_title=&#8221;Transport&#8221; button_alignment=&#8221;center&#8221; btn_icon_type=&#8221;font&#8221; btn_icon_fontawesome=&#8221;fa fa-bus&#8221; btn_font_size=&#8221;16&#8243; use_theme_button=&#8221;&#8221; btn_bg_color=&#8221;rgba(65,148,167,0.7)&#8221; btn_text_color=&#8221;#ffffff&#8221; btn_bg_color_hover=&#8221;#4194a7&#8243; btn_text_color_hover=&#8221;#ffffff&#8221; btn_icon_color=&#8221;#ffffff&#8221; btn_icon_color_hover=&#8221;#ffffff&#8221; btn_border_color=&#8221;#ffffff&#8221; btn_border_color_hover=&#8221;#4194a7&#8243; item_el_class=&#8221;.special-btn&#8221; link=&#8221;url:http%3A%2F%2Fwww.ecolejeanninemanuel.org.uk%2Fschool-life%2Ftransports%2F|||&#8221;][gt3_button button_title=&#8221;Chartes&#8221; button_alignment=&#8221;center&#8221; btn_icon_type=&#8221;font&#8221; btn_icon_fontawesome=&#8221;fa fa-handshake-o&#8221; btn_font_size=&#8221;16&#8243; use_theme_button=&#8221;&#8221; btn_bg_color=&#8221;rgba(65,148,167,0.7)&#8221; btn_text_color=&#8221;#ffffff&#8221; btn_bg_color_hover=&#8221;#4194a7&#8243; btn_text_color_hover=&#8221;#ffffff&#8221; btn_icon_color=&#8221;#ffffff&#8221; btn_icon_color_hover=&#8221;#ffffff&#8221; btn_border_color=&#8221;#ffffff&#8221; btn_border_color_hover=&#8221;#4194a7&#8243; item_el_class=&#8221;.special-btn&#8221; link=&#8221;url:http%3A%2F%2Fwww.ecolejeanninemanuel.org.uk%2Fschool-life%2Fpolicies%2F|||&#8221;][gt3_button button_title=&#8221;Frais de Scolarit\u00e9 &amp; Bourses&#8221; button_alignment=&#8221;center&#8221; btn_icon_type=&#8221;font&#8221; btn_icon_fontawesome=&#8221;fa fa-gbp&#8221; btn_font_size=&#8221;16&#8243; use_theme_button=&#8221;&#8221; btn_bg_color=&#8221;rgba(171,192,78,0.8)&#8221; btn_text_color=&#8221;#ffffff&#8221; btn_bg_color_hover=&#8221;#abc04e&#8221; btn_text_color_hover=&#8221;#ffffff&#8221; btn_icon_color=&#8221;#ffffff&#8221; btn_icon_color_hover=&#8221;#ffffff&#8221; btn_border_color=&#8221;#ffffff&#8221; btn_border_color_hover=&#8221;#abc04e&#8221; link=&#8221;url:https%3A%2F%2Fwww.ecolejeanninemanuel.org.uk%2Fadmissions%2Ffees-and-bursaries%2F&#8221;][\/vc_column_inner][vc_column_inner width=&#8221;1\/2&#8243;][vc_toggle title=&#8221;Independent Schools Inspectorate (ISI) &amp; Ofsted&#8221; style=&#8221;accordion_solid&#8221; color=&#8221;triangle&#8221;]\n<div class=\"\">\n<div class=\"\">\n<div class=\"\">\n<p><span><span style=\"color: #df1a30;\">L&#8217;Ecole Jeannine Manuel<\/span>\u00a0<\/span>est accredit\u00e9e par l&#8217;Independent Schools Association (ISA), une prestigieuse association d&#8217;\u00e9coles ind\u00e9pendantes britanniques.<\/p>\n<p>Cette accr\u00e9ditation signifie que notre \u00e9cole est inspect\u00e9e par l&#8217;<em>Independent Schools Inspectorate\u00a0<\/em>(ISI), l&#8217;organisme qui inspecte les \u00e9coles priv\u00e9es britanniques au nom du\u00a0<em>Department for Education\u00a0<\/em>(DfE). L&#8217;ISI suit les m\u00eames r\u00e9glementations qu&#8217;Ofsted.<\/p>\n<p>Vous trouverez ci-dessous les rapports des inspections pass\u00e9es.<\/p>\n<\/div>\n<\/div>\n<\/div>\n[\/vc_toggle][vc_toggle title=&#8221;Exemption from the EYFS&#8221; style=&#8221;accordion_solid&#8221; color=&#8221;triangle&#8221;]Ecole Jeannine Manuel is exempt from the Learning &amp; Development requirements of the 2017 Statutory Framework for EYFS.<\/p>\n<p>This is because our pupils first learn to read and write in French, which conflicts with the EYFS literacy goals. Ecole Jeannine Manuel continues to uphold high expectations for all the pupils working within the EYFS framework.<\/p>\n<p>The safeguarding and welfare requirements of the EYFS still apply.[\/vc_toggle][vc_toggle title=&#8221;Rapports d&#8217;Inspection&#8221; style=&#8221;accordion_solid&#8221; color=&#8221;triangle&#8221;]\n<ul>\n<li><a href=\"https:\/\/www.ecolejeanninemanuel.org.uk\/wp-content\/uploads\/2024\/05\/Ecole-Jeannine-Manuel_ISI-Report-20240305.pdf\">2024 &#8211; ISI Report<\/a><\/li>\n<li><a href=\"https:\/\/www.ecolejeanninemanuel.org.uk\/wp-content\/uploads\/2019\/12\/Ecole-JM-RCI-Report.pdf\">2019 &#8211; ISI Report<\/a><\/li>\n<li><a href=\"https:\/\/files.api.ofsted.gov.uk\/v1\/file\/2641009\">2016 &#8211; Ofsted report <\/a><\/li>\n<\/ul>\n[\/vc_toggle][\/vc_column_inner][\/vc_row_inner][gt3_spacing height=&#8221;32px&#8221;][vc_cta h2=&#8221;&#8221; add_icon=&#8221;left&#8221; i_icon_fontawesome=&#8221;fa fa-quote-left&#8221; i_color=&#8221;custom&#8221; i_background_style=&#8221;rounded&#8221; i_background_color=&#8221;custom&#8221; i_on_border=&#8221;true&#8221; i_custom_color=&#8221;#df1a30&#8243; i_custom_background_color=&#8221;#f6f7f6&#8243;]<span>For <a href=\"https:\/\/www.ecolejeanninemanuel.org.uk\/fr\/a-propos\/jeannine-manuel\/\">Jeannine Manuel<\/a>, the aim of education is to help shape \u201cwhole\u201d people, by which she meant, \u201cindividuals aware of their presence in this world, engaged in its history, and ready to play a part in world affairs.\u201d<\/span>[\/vc_cta][gt3_spacing height=&#8221;50px&#8221;][\/vc_column][vc_column width=&#8221;1\/6&#8243;][\/vc_column][\/vc_row]\n<\/div>","protected":false},"excerpt":{"rendered":"<p>[vc_row full_width=&#8221;stretch_row&#8221; css=&#8221;.vc_custom_1572014689093{margin-top: 30px !important;background-image: url(https:\/\/www.ecolejeanninemanuel.org.uk\/wp-content\/uploads\/2018\/11\/home-life.jpg?id=5191) !important;background-position: center !important;background-repeat: no-repeat !important;background-size: cover !important;}&#8221;][vc_column width=&#8221;1\/6&#8243;][\/vc_column][vc_column width=&#8221;2\/3&#8243;][vc_row_inner][vc_column_inner][gt3_spacing height=&#8221;100px&#8221;][vc_column_text] La vie \u00e0 l&#8217;\u00e9cole [&hellip;]<\/p>\n","protected":false},"author":1,"featured_media":0,"parent":0,"menu_order":0,"comment_status":"closed","ping_status":"closed","template":"","meta":{"protect_children":false,"footnotes":""},"class_list":["post-6882","page","type-page","status-publish","hentry"],"_links":{"self":[{"href":"https:\/\/www.ecolejeanninemanuel.org.uk\/fr\/wp-json\/wp\/v2\/pages\/6882","targetHints":{"allow":["GET"]}}],"collection":[{"href":"https:\/\/www.ecolejeanninemanuel.org.uk\/fr\/wp-json\/wp\/v2\/pages"}],"about":[{"href":"https:\/\/www.ecolejeanninemanuel.org.uk\/fr\/wp-json\/wp\/v2\/types\/page"}],"author":[{"embeddable":true,"href":"https:\/\/www.ecolejeanninemanuel.org.uk\/fr\/wp-json\/wp\/v2\/users\/1"}],"replies":[{"embeddable":true,"href":"https:\/\/www.ecolejeanninemanuel.org.uk\/fr\/wp-json\/wp\/v2\/comments?post=6882"}],"version-history":[{"count":2,"href":"https:\/\/www.ecolejeanninemanuel.org.uk\/fr\/wp-json\/wp\/v2\/pages\/6882\/revisions"}],"predecessor-version":[{"id":16252,"href":"https:\/\/www.ecolejeanninemanuel.org.uk\/fr\/wp-json\/wp\/v2\/pages\/6882\/revisions\/16252"}],"wp:attachment":[{"href":"https:\/\/www.ecolejeanninemanuel.org.uk\/fr\/wp-json\/wp\/v2\/media?parent=6882"}],"curies":[{"name":"wp","href":"https:\/\/api.w.org\/{rel}","templated":true}]}}