{"id":6877,"date":"2019-01-18T14:39:59","date_gmt":"2019-01-18T14:39:59","guid":{"rendered":"https:\/\/www.ecolejeanninemanuel.org.uk\/rythmes-scolaires\/"},"modified":"2019-01-18T15:10:17","modified_gmt":"2019-01-18T15:10:17","slug":"rythmes-scolaires","status":"publish","type":"page","link":"https:\/\/www.ecolejeanninemanuel.org.uk\/fr\/la-vie-a-lecole\/rythmes-scolaires\/","title":{"rendered":"Rythmes Scolaires"},"content":{"rendered":"<div class=\"wpb-content-wrapper\">[vc_row full_width=&#8221;stretch_row&#8221; css=&#8221;.vc_custom_1524844563645{margin-top: 40px !important;margin-right: 0px !important;margin-bottom: 0px !important;margin-left: 0px !important;background-color: #ffffff !important;}&#8221;][vc_column width=&#8221;1\/6&#8243;][\/vc_column][vc_column width=&#8221;2\/3&#8243;][gt3_spacing height=&#8221;20px&#8221;][vc_column_text]\n<h2 style=\"color: #3a3a3a;\">Rythmes Scolaires<\/h2>\n[\/vc_column_text][gt3_spacing height=&#8221;20px&#8221;][vc_column_text]<strong>\u00c9cole Primaire<\/strong><\/p>\n<p><img loading=\"lazy\" decoding=\"async\" class=\"alignright size-medium wp-image-6612\" src=\"https:\/\/www.ecolejeanninemanuel.org.uk\/wp-content\/uploads\/2018\/12\/School-Schedule1-300x200.jpg\" alt=\"\" width=\"300\" height=\"200\" srcset=\"https:\/\/www.ecolejeanninemanuel.org.uk\/wp-content\/uploads\/2018\/12\/School-Schedule1-300x200.jpg 300w, https:\/\/www.ecolejeanninemanuel.org.uk\/wp-content\/uploads\/2018\/12\/School-Schedule1-768x512.jpg 768w, https:\/\/www.ecolejeanninemanuel.org.uk\/wp-content\/uploads\/2018\/12\/School-Schedule1-1024x683.jpg 1024w, https:\/\/www.ecolejeanninemanuel.org.uk\/wp-content\/uploads\/2018\/12\/School-Schedule1-24x16.jpg 24w, https:\/\/www.ecolejeanninemanuel.org.uk\/wp-content\/uploads\/2018\/12\/School-Schedule1-36x24.jpg 36w, https:\/\/www.ecolejeanninemanuel.org.uk\/wp-content\/uploads\/2018\/12\/School-Schedule1-48x32.jpg 48w, https:\/\/www.ecolejeanninemanuel.org.uk\/wp-content\/uploads\/2018\/12\/School-Schedule1.jpg 1500w\" sizes=\"auto, (max-width: 300px) 100vw, 300px\" \/>L&#8217;\u00e9cole commence \u00e0 8h30 et se termine \u00e0 15h15 tous les jours. La p\u00e9riode de d\u00e9jeuner s&#8217;\u00e9tend de 11h45 \u00e0 13h15.\u00a0 Les activit\u00e9s extra-scolaires commencent \u00e0 15h15 et prennent fin \u00e0 16h30.<\/p>\n<p>Entre la Petite Section et le CP, les enfants ont 11h de cours en anglais et 15h en fran\u00e7ais chaque semaine. Du CE1 au CM2, les \u00e9l\u00e8ves ont 12h de fran\u00e7ais, 12h d&#8217;anglais et 2h de chinois par semaine.<\/p>\n<p><strong>Secondaire<\/strong><\/p>\n<p><img loading=\"lazy\" decoding=\"async\" class=\"alignleft size-medium wp-image-6611\" src=\"https:\/\/www.ecolejeanninemanuel.org.uk\/wp-content\/uploads\/2018\/12\/School-Schedule2-300x200.jpg\" alt=\"\" width=\"300\" height=\"200\" srcset=\"https:\/\/www.ecolejeanninemanuel.org.uk\/wp-content\/uploads\/2018\/12\/School-Schedule2-300x200.jpg 300w, https:\/\/www.ecolejeanninemanuel.org.uk\/wp-content\/uploads\/2018\/12\/School-Schedule2-768x512.jpg 768w, https:\/\/www.ecolejeanninemanuel.org.uk\/wp-content\/uploads\/2018\/12\/School-Schedule2-1024x683.jpg 1024w, https:\/\/www.ecolejeanninemanuel.org.uk\/wp-content\/uploads\/2018\/12\/School-Schedule2-24x16.jpg 24w, https:\/\/www.ecolejeanninemanuel.org.uk\/wp-content\/uploads\/2018\/12\/School-Schedule2-36x24.jpg 36w, https:\/\/www.ecolejeanninemanuel.org.uk\/wp-content\/uploads\/2018\/12\/School-Schedule2-48x32.jpg 48w, https:\/\/www.ecolejeanninemanuel.org.uk\/wp-content\/uploads\/2018\/12\/School-Schedule2.jpg 1500w\" sizes=\"auto, (max-width: 300px) 100vw, 300px\" \/>Les cours commencent \u00e0 8h30 et se terminent \u00e0 16h30 tous les jours. Pour les \u00e9l\u00e8ves de 6e, 5e, 4e, le d\u00e9jeuner a lieu entre 11h45 et 13h15. \u00c0 partir de la 3e, la p\u00e9riode de d\u00e9jeuner s&#8217;\u00e9tend entre 12h45 et 14h00. Les activit\u00e9s extra scolaires ont lieu pendant la pause d\u00e9jeuner ou apr\u00e8s l&#8217;\u00e9cole, de 16h30 \u00e0 17h30.<\/p>\n<p>Toutes les p\u00e9riodes de cours au coll\u00e8ge et lyc\u00e9e durent 45 minutes.[\/vc_column_text][gt3_spacing height=&#8221;50px&#8221;][\/vc_column][vc_column width=&#8221;1\/6&#8243;][\/vc_column][\/vc_row]\n<\/div>","protected":false},"excerpt":{"rendered":"<p>[vc_row full_width=&#8221;stretch_row&#8221; css=&#8221;.vc_custom_1524844563645{margin-top: 40px !important;margin-right: 0px !important;margin-bottom: 0px !important;margin-left: 0px !important;background-color: #ffffff !important;}&#8221;][vc_column width=&#8221;1\/6&#8243;][\/vc_column][vc_column width=&#8221;2\/3&#8243;][gt3_spacing height=&#8221;20px&#8221;][vc_column_text] Rythmes Scolaires [\/vc_column_text][gt3_spacing height=&#8221;20px&#8221;][vc_column_text]\u00c9cole [&hellip;]<\/p>\n","protected":false},"author":1,"featured_media":0,"parent":6882,"menu_order":0,"comment_status":"closed","ping_status":"closed","template":"","meta":{"protect_children":false,"footnotes":""},"class_list":["post-6877","page","type-page","status-publish","hentry"],"_links":{"self":[{"href":"https:\/\/www.ecolejeanninemanuel.org.uk\/fr\/wp-json\/wp\/v2\/pages\/6877","targetHints":{"allow":["GET"]}}],"collection":[{"href":"https:\/\/www.ecolejeanninemanuel.org.uk\/fr\/wp-json\/wp\/v2\/pages"}],"about":[{"href":"https:\/\/www.ecolejeanninemanuel.org.uk\/fr\/wp-json\/wp\/v2\/types\/page"}],"author":[{"embeddable":true,"href":"https:\/\/www.ecolejeanninemanuel.org.uk\/fr\/wp-json\/wp\/v2\/users\/1"}],"replies":[{"embeddable":true,"href":"https:\/\/www.ecolejeanninemanuel.org.uk\/fr\/wp-json\/wp\/v2\/comments?post=6877"}],"version-history":[{"count":0,"href":"https:\/\/www.ecolejeanninemanuel.org.uk\/fr\/wp-json\/wp\/v2\/pages\/6877\/revisions"}],"up":[{"embeddable":true,"href":"https:\/\/www.ecolejeanninemanuel.org.uk\/fr\/wp-json\/wp\/v2\/pages\/6882"}],"wp:attachment":[{"href":"https:\/\/www.ecolejeanninemanuel.org.uk\/fr\/wp-json\/wp\/v2\/media?parent=6877"}],"curies":[{"name":"wp","href":"https:\/\/api.w.org\/{rel}","templated":true}]}}