{"id":6867,"date":"2019-01-18T14:14:41","date_gmt":"2019-01-18T14:14:41","guid":{"rendered":"https:\/\/www.ecolejeanninemanuel.org.uk\/esprit-scientifique\/"},"modified":"2019-01-18T14:17:25","modified_gmt":"2019-01-18T14:17:25","slug":"esprit-scientifique","status":"publish","type":"page","link":"https:\/\/www.ecolejeanninemanuel.org.uk\/fr\/pedagogie\/esprit-scientifique\/","title":{"rendered":"Esprit Scientifique"},"content":{"rendered":"<div class=\"wpb-content-wrapper\">[vc_row full_width=&#8221;stretch_row&#8221; css=&#8221;.vc_custom_1524844563645{margin-top: 40px !important;margin-right: 0px !important;margin-bottom: 0px !important;margin-left: 0px !important;background-color: #ffffff !important;}&#8221;][vc_column width=&#8221;1\/6&#8243;][\/vc_column][vc_column width=&#8221;2\/3&#8243;][gt3_spacing height=&#8221;20px&#8221;][vc_column_text]\n<h3 style=\"color: #3a3a3a;\">Esprit Scientifique<\/h3>\n[\/vc_column_text][gt3_spacing height=&#8221;20px&#8221;][vc_column_text]\n<p class=\"normal\"><em>\u00ab On apprend par l&#8217;action, en s&#8217;impliquant ; on apprend progressivement, en se trompant ; on apprend en interagissant avec ses pairs et avec de plus experts, en explicitant par \u00e9crit son point de vue, en l&#8217;exposant aux autres, en le confrontant \u00e0 d&#8217;autres points de vue et aux r\u00e9sultats exp\u00e9rimentaux pour en tester la pertinence et la validit\u00e9\u00bb<\/em><span>, avant propos du programme \u201cLa Main \u00e0 la P\u00e2te\u201d con\u00e7u par Georges Charpak.<\/span><\/p>\n[\/vc_column_text][gt3_spacing height=&#8221;20px&#8221;][vc_column_text]<img loading=\"lazy\" decoding=\"async\" class=\"alignleft wp-image-5671\" src=\"http:\/\/35.197.196.121\/wp-content\/uploads\/2018\/12\/Theorie-des-Graphes-1-300x225.jpg\" alt=\"\" width=\"305\" height=\"229\" \/><\/p>\n<p>En math\u00e9matiques, la manipulation de multiples mat\u00e9riels d\u00e8s le primaire \u00a0permet de mettre en place les fondamentaux et de chercher \u00e0 r\u00e9soudre des probl\u00e8mes complexes. L\u2019objectif est de d\u00e9velopper la capacit\u00e9 de recherche, de r\u00e9flexion et de raisonnement des \u00e9l\u00e8ves, d\u2019installer de solides bases dans tous les champs math\u00e9matiques. Le calcul mental est quotidien. Dans le secondaire, les enseignants du d\u00e9partement de math\u00e9matiques ont mis en place une activit\u00e9 sp\u00e9cifique, le Chantier Calcul, visant \u00e0 entra\u00eener syst\u00e9matiquement les \u00e9l\u00e8ves au calcul et automatiser au maximum cette fonction mentale afin de lib\u00e9rer l&#8217;esprit pour la r\u00e9solution de probl\u00e8mes.[\/vc_column_text][gt3_spacing height=&#8221;20px&#8221;][vc_column_text]<img loading=\"lazy\" decoding=\"async\" class=\"size-medium wp-image-6092 alignright\" src=\"http:\/\/35.197.196.121\/wp-content\/uploads\/2018\/11\/sciences-300x204.jpg\" alt=\"\" width=\"300\" height=\"204\" \/><\/p>\n<p style=\"font-weight: 400;\">En sciences, le questionnement, la formulation d\u2019hypoth\u00e8ses, l\u2019exp\u00e9rimentation, la discussion, la formalisation, la trace \u00e9crite, sont syst\u00e9matiquement mis en oeuvre et permettent un enseignement dynamique dont les \u00e9l\u00e8ves sont les principaux acteurs. C\u2019est le principe du programme La Main \u00e0 la P\u00e2te mis en place dans le primaire.<\/p>\n<p style=\"font-weight: 400;\">\u00c9galement con\u00e7u sous la direction de Georges Charpak, le programme IQS (<span>Itin\u00e9raires<\/span>\u00a0de Questionnement Scientifique) enseign\u00e9 au coll\u00e8ge repose sur trois piliers: le questionnement scientifique, le raisonnement et l\u2019exp\u00e9rimentation, l\u2019histoire des sciences et des scientifiques. L\u2019enseignement se fait \u00e0 partir du questionnement et utilise le Problem based learning, il int\u00e8gre la physique, la chimie, les sciences de la vie et de la terre et la technologie.<\/p>\n[\/vc_column_text][gt3_spacing height=&#8221;50px&#8221;][\/vc_column][vc_column width=&#8221;1\/6&#8243;][\/vc_column][\/vc_row]\n<\/div>","protected":false},"excerpt":{"rendered":"<p>[vc_row full_width=&#8221;stretch_row&#8221; css=&#8221;.vc_custom_1524844563645{margin-top: 40px !important;margin-right: 0px !important;margin-bottom: 0px !important;margin-left: 0px !important;background-color: #ffffff !important;}&#8221;][vc_column width=&#8221;1\/6&#8243;][\/vc_column][vc_column width=&#8221;2\/3&#8243;][gt3_spacing height=&#8221;20px&#8221;][vc_column_text] Esprit Scientifique [\/vc_column_text][gt3_spacing height=&#8221;20px&#8221;][vc_column_text] [&hellip;]<\/p>\n","protected":false},"author":1,"featured_media":0,"parent":6926,"menu_order":0,"comment_status":"closed","ping_status":"closed","template":"","meta":{"protect_children":false,"footnotes":""},"class_list":["post-6867","page","type-page","status-publish","hentry"],"_links":{"self":[{"href":"https:\/\/www.ecolejeanninemanuel.org.uk\/fr\/wp-json\/wp\/v2\/pages\/6867","targetHints":{"allow":["GET"]}}],"collection":[{"href":"https:\/\/www.ecolejeanninemanuel.org.uk\/fr\/wp-json\/wp\/v2\/pages"}],"about":[{"href":"https:\/\/www.ecolejeanninemanuel.org.uk\/fr\/wp-json\/wp\/v2\/types\/page"}],"author":[{"embeddable":true,"href":"https:\/\/www.ecolejeanninemanuel.org.uk\/fr\/wp-json\/wp\/v2\/users\/1"}],"replies":[{"embeddable":true,"href":"https:\/\/www.ecolejeanninemanuel.org.uk\/fr\/wp-json\/wp\/v2\/comments?post=6867"}],"version-history":[{"count":0,"href":"https:\/\/www.ecolejeanninemanuel.org.uk\/fr\/wp-json\/wp\/v2\/pages\/6867\/revisions"}],"up":[{"embeddable":true,"href":"https:\/\/www.ecolejeanninemanuel.org.uk\/fr\/wp-json\/wp\/v2\/pages\/6926"}],"wp:attachment":[{"href":"https:\/\/www.ecolejeanninemanuel.org.uk\/fr\/wp-json\/wp\/v2\/media?parent=6867"}],"curies":[{"name":"wp","href":"https:\/\/api.w.org\/{rel}","templated":true}]}}