{"id":6856,"date":"2019-01-18T10:31:52","date_gmt":"2019-01-18T10:31:52","guid":{"rendered":"https:\/\/www.ecolejeanninemanuel.org.uk\/a-propos\/conseil-dadministration\/"},"modified":"2024-02-07T14:02:54","modified_gmt":"2024-02-07T14:02:54","slug":"conseil-dadministration","status":"publish","type":"page","link":"https:\/\/www.ecolejeanninemanuel.org.uk\/fr\/a-propos\/conseil-dadministration\/","title":{"rendered":"Conseil d&#8217;Administration"},"content":{"rendered":"<div class=\"wpb-content-wrapper\">[vc_row full_width=&#8221;stretch_row&#8221; css=&#8221;.vc_custom_1549282623655{margin-top: 40px !important;background-image: url(https:\/\/www.ecolejeanninemanuel.org.uk\/wp-content\/uploads\/2018\/04\/89A2572_CopyrightPaulRiddle-3.jpg?id=6538) !important;background-position: center !important;background-repeat: no-repeat !important;background-size: cover !important;}&#8221;][vc_column width=&#8221;1\/6&#8243;][\/vc_column][vc_column width=&#8221;2\/3&#8243;][gt3_spacing height=&#8221;30px&#8221;][vc_column_text]\n<h2 style=\"color: white;\">Conseil d&#8217;Administration<\/h2>\n[\/vc_column_text][gt3_spacing height=&#8221;20px&#8221;][vc_column_text]<span color=\"white\" style=\"color: #ffffff;\"><br \/>\nL&#8217;\u00c9cole Jeannine Manuel UK est une organisation \u00e0 but non lucratif, enregistr\u00e9e aupr\u00e8s du <em>Charity Commission<\/em> anglais.<br \/>\nRegistered Company No.\u00a009014998 \u2013 Registered Charity No.\u00a01158643<br \/>\n43-45 Bedford Square, London WC1B 3DN \u2013 Tel. : 020 3829 5970<\/span><br \/>\n<span color=\"white\" style=\"color: #ffffff;\"><br \/>\nLe Conseil d&#8217;Administration est compos\u00e9 de: <\/span><\/p>\n<p><span style=\"color: #ffffff;\">\u2013 Nicholas Bunch,\u00a0<em>Trustee<\/em><\/span><br \/>\n<span style=\"color: #ffffff;\">\u2013 Adrien de Boisanger,\u00a0<em>Trustee<\/em><\/span><br \/>\n<span style=\"color: #ffffff;\">\u2013 Amed\u00e9e Levillain,\u00a0<em>Trustee<\/em><\/span><br \/>\n<span style=\"color: #ffffff;\">\u2013 Bernard Manuel,\u00a0<em>Chairman<\/em><\/span><br \/>\n<span style=\"color: #ffffff;\">\u2013 Laurent Manuel,\u00a0<em>Trustee<\/em><\/span><br \/>\n<span style=\"color: #ffffff;\">\u2013 Georgina Van Welie,\u00a0<em>Trustee<\/em><\/span><br \/>\n<span style=\"color: #ffffff;\">\u2013 Elisabeth Z\u00e9boulon,\u00a0<em>Vice-Chair<\/em><\/span><\/p>\n<p><span color=\"white\" style=\"color: #ffffff;\"><br \/>\nLes membres du Conseil d&#8217;Administration sont joignables par le biais de l&#8217;\u00e9cole.<br \/>\nVeuillez adresser toute correspondance confidentielle au Chairman \u00e0 l&#8217;adresse suivante: <a href=\"mailto:chair@jmanuel.uk.net\" style=\"color: #ffffff;\">chair@jmanuel.uk.net<\/a>.<\/span>[\/vc_column_text][gt3_spacing height=&#8221;150px&#8221;][\/vc_column][vc_column width=&#8221;1\/6&#8243;][\/vc_column][\/vc_row][vc_row full_width=&#8221;stretch_row&#8221; css=&#8221;.vc_custom_1541699726871{background-color: #ffffff !important;}&#8221;][vc_column][\/vc_column][\/vc_row]\n<\/div>","protected":false},"excerpt":{"rendered":"<p>[vc_row full_width=&#8221;stretch_row&#8221; css=&#8221;.vc_custom_1549282623655{margin-top: 40px !important;background-image: url(https:\/\/www.ecolejeanninemanuel.org.uk\/wp-content\/uploads\/2018\/04\/89A2572_CopyrightPaulRiddle-3.jpg?id=6538) !important;background-position: center !important;background-repeat: no-repeat !important;background-size: cover !important;}&#8221;][vc_column width=&#8221;1\/6&#8243;][\/vc_column][vc_column width=&#8221;2\/3&#8243;][gt3_spacing height=&#8221;30px&#8221;][vc_column_text] Conseil d&#8217;Administration [\/vc_column_text][gt3_spacing height=&#8221;20px&#8221;][vc_column_text] [&hellip;]<\/p>\n","protected":false},"author":1,"featured_media":0,"parent":6797,"menu_order":0,"comment_status":"closed","ping_status":"closed","template":"","meta":{"protect_children":false,"footnotes":""},"class_list":["post-6856","page","type-page","status-publish","hentry"],"_links":{"self":[{"href":"https:\/\/www.ecolejeanninemanuel.org.uk\/fr\/wp-json\/wp\/v2\/pages\/6856","targetHints":{"allow":["GET"]}}],"collection":[{"href":"https:\/\/www.ecolejeanninemanuel.org.uk\/fr\/wp-json\/wp\/v2\/pages"}],"about":[{"href":"https:\/\/www.ecolejeanninemanuel.org.uk\/fr\/wp-json\/wp\/v2\/types\/page"}],"author":[{"embeddable":true,"href":"https:\/\/www.ecolejeanninemanuel.org.uk\/fr\/wp-json\/wp\/v2\/users\/1"}],"replies":[{"embeddable":true,"href":"https:\/\/www.ecolejeanninemanuel.org.uk\/fr\/wp-json\/wp\/v2\/comments?post=6856"}],"version-history":[{"count":0,"href":"https:\/\/www.ecolejeanninemanuel.org.uk\/fr\/wp-json\/wp\/v2\/pages\/6856\/revisions"}],"up":[{"embeddable":true,"href":"https:\/\/www.ecolejeanninemanuel.org.uk\/fr\/wp-json\/wp\/v2\/pages\/6797"}],"wp:attachment":[{"href":"https:\/\/www.ecolejeanninemanuel.org.uk\/fr\/wp-json\/wp\/v2\/media?parent=6856"}],"curies":[{"name":"wp","href":"https:\/\/api.w.org\/{rel}","templated":true}]}}