{"id":6836,"date":"2019-01-17T17:47:23","date_gmt":"2019-01-17T17:47:23","guid":{"rendered":"https:\/\/www.ecolejeanninemanuel.org.uk\/admissions\/presentations-de-lecole\/"},"modified":"2022-10-03T11:32:59","modified_gmt":"2022-10-03T10:32:59","slug":"presentations-de-lecole","status":"publish","type":"page","link":"https:\/\/www.ecolejeanninemanuel.org.uk\/fr\/admissions\/presentations-de-lecole\/","title":{"rendered":"Pr\u00e9sentations de l&#8217;\u00c9cole"},"content":{"rendered":"<div class=\"wpb-content-wrapper\">[vc_row full_width=&#8221;stretch_row&#8221; css=&#8221;.vc_custom_1539969575239{margin-top: 40px !important;margin-right: 0px !important;margin-bottom: 0px !important;margin-left: 0px !important;}&#8221;][vc_column width=&#8221;1\/6&#8243;][\/vc_column][vc_column width=&#8221;2\/3&#8243;][gt3_spacing height=&#8221;40px&#8221;][vc_column_text]\n<h2>Pr\u00e9sentations de l&#8217;\u00e9cole<\/h2>\n[\/vc_column_text][gt3_spacing height=&#8221;20px&#8221;][gt3_spacing height=&#8221;20px&#8221;][vc_column_text]Nous demandons aux parents de s&#8217;inscrire \u00e0 une r\u00e9union de pr\u00e9sentation virtuelle ou en personne, afin d&#8217;en savoir plus sur la mission, la p\u00e9dagogie et la philosophie de l&#8217;\u00e9cole.<\/p>\n<p>Ces \u00e9v\u00e8nements sont pr\u00e9sent\u00e9s par des membres de la Direction et sont suivis d&#8217;une session question et r\u00e9ponse. Inscrivez vous <a href=\"https:\/\/jmanuel-uk.openapply.com\/\">ici<\/a>.[\/vc_column_text][gt3_spacing height=&#8221;20px&#8221;][vc_single_image image=&#8221;6589&#8243; img_size=&#8221;large&#8221; alignment=&#8221;center&#8221;][gt3_spacing height=&#8221;40px&#8221;][\/vc_column][vc_column width=&#8221;1\/6&#8243;][\/vc_column][\/vc_row]\n<\/div>","protected":false},"excerpt":{"rendered":"<p>[vc_row full_width=&#8221;stretch_row&#8221; css=&#8221;.vc_custom_1539969575239{margin-top: 40px !important;margin-right: 0px !important;margin-bottom: 0px !important;margin-left: 0px !important;}&#8221;][vc_column width=&#8221;1\/6&#8243;][\/vc_column][vc_column width=&#8221;2\/3&#8243;][gt3_spacing height=&#8221;40px&#8221;][vc_column_text] Pr\u00e9sentations de l&#8217;\u00e9cole [\/vc_column_text][gt3_spacing height=&#8221;20px&#8221;][gt3_spacing height=&#8221;20px&#8221;][vc_column_text]Nous [&hellip;]<\/p>\n","protected":false},"author":1,"featured_media":0,"parent":7988,"menu_order":0,"comment_status":"closed","ping_status":"closed","template":"","meta":{"protect_children":false,"footnotes":""},"class_list":["post-6836","page","type-page","status-publish","hentry"],"_links":{"self":[{"href":"https:\/\/www.ecolejeanninemanuel.org.uk\/fr\/wp-json\/wp\/v2\/pages\/6836","targetHints":{"allow":["GET"]}}],"collection":[{"href":"https:\/\/www.ecolejeanninemanuel.org.uk\/fr\/wp-json\/wp\/v2\/pages"}],"about":[{"href":"https:\/\/www.ecolejeanninemanuel.org.uk\/fr\/wp-json\/wp\/v2\/types\/page"}],"author":[{"embeddable":true,"href":"https:\/\/www.ecolejeanninemanuel.org.uk\/fr\/wp-json\/wp\/v2\/users\/1"}],"replies":[{"embeddable":true,"href":"https:\/\/www.ecolejeanninemanuel.org.uk\/fr\/wp-json\/wp\/v2\/comments?post=6836"}],"version-history":[{"count":0,"href":"https:\/\/www.ecolejeanninemanuel.org.uk\/fr\/wp-json\/wp\/v2\/pages\/6836\/revisions"}],"up":[{"embeddable":true,"href":"https:\/\/www.ecolejeanninemanuel.org.uk\/fr\/wp-json\/wp\/v2\/pages\/7988"}],"wp:attachment":[{"href":"https:\/\/www.ecolejeanninemanuel.org.uk\/fr\/wp-json\/wp\/v2\/media?parent=6836"}],"curies":[{"name":"wp","href":"https:\/\/api.w.org\/{rel}","templated":true}]}}