{"id":6814,"date":"2019-01-17T16:35:34","date_gmt":"2019-01-17T16:35:34","guid":{"rendered":"https:\/\/www.ecolejeanninemanuel.org.uk\/a-propos\/jeannine-manuel\/"},"modified":"2019-01-17T16:38:59","modified_gmt":"2019-01-17T16:38:59","slug":"jeannine-manuel","status":"publish","type":"page","link":"https:\/\/www.ecolejeanninemanuel.org.uk\/fr\/a-propos\/jeannine-manuel\/","title":{"rendered":"Jeannine Manuel"},"content":{"rendered":"<div class=\"wpb-content-wrapper\">[vc_row full_width=&#8221;stretch_row&#8221; css=&#8221;.vc_custom_1524844563645{margin-top: 40px !important;margin-right: 0px !important;margin-bottom: 0px !important;margin-left: 0px !important;background-color: #ffffff !important;}&#8221;][vc_column width=&#8221;1\/6&#8243;][\/vc_column][vc_column width=&#8221;2\/3&#8243;][gt3_spacing height=&#8221;20px&#8221;][vc_column_text]\n<h2 style=\"color: #3a3a3a;\">Jeannine Manuel<\/h2>\n[\/vc_column_text][gt3_spacing height=&#8221;20px&#8221;][vc_row_inner][vc_column_inner width=&#8221;2\/3&#8243;][vc_column_text]\n<p dir=\"ltr\">Engag\u00e9e dans la R\u00e9sistance pendant la Seconde Guerre Mondiale, Jeannine Manuel rentre de Londres avec la conviction que la peur issue de l&#8217;ignorance \u00e9tait grandement responsable de ce conflit. Pour elle, l&#8217;ignorance provoque la peur et la peur est la chose la plus an\u00e9antissante qui soit au monde.<span>\u00a0<\/span><em>&#8220;Plus on connait et moins on a peur.&#8221;<span>\u00a0<\/span><\/em>Son projet d&#8217;\u00e9cole nait de cette conviction.<\/p>\n<p dir=\"ltr\">Pour &#8220;promouvoir la compr\u00e9hension internationale&#8221;, Jeannine Manuel cr\u00e9e son \u00e9cole bilingue, qui ouvre ses portes en septembre 1954. Elle offre d\u00e8s la maternelle un enseignement propre \u00e0 nourrir par des m\u00e9thodes actives et dynamiques le d\u00e9sir d&#8217;apprendre, de comprendre l&#8217;autre et de s&#8217;ouvrir sur le monde.<\/p>\n<p dir=\"ltr\">Pour Jeannine Manuel,<span>\u00a0<\/span><em>&#8220;le but de l&#8217;enseignement est de former des hommes complets, ce qui signifie des individus conscients de leur pr\u00e9sence dans le monde, int\u00e9ress\u00e9s par le d\u00e9roulement de l&#8217;histoire qui les entoure, pr\u00eats \u00e0 participer \u00e0 cette histoire&#8221;<\/em>.<\/p>\n<p dir=\"ltr\">Jeannine Manuel participe \u00e0 la lib\u00e9ration de Paris en ao\u00fbt 1944 et, dix ans apr\u00e8s, en septembre 1954, ouvre l&#8217;\u00e9cole qui porte ses valeurs.<\/p>\n[\/vc_column_text][\/vc_column_inner][vc_column_inner width=&#8221;1\/3&#8243;][gt3_spacing height=&#8221;20px&#8221;][vc_single_image image=&#8221;5293&#8243; img_size=&#8221;full&#8221;][gt3_spacing height=&#8221;25px&#8221;][\/vc_column_inner][\/vc_row_inner][gt3_spacing height=&#8221;150px&#8221;][\/vc_column][vc_column width=&#8221;1\/6&#8243;][\/vc_column][\/vc_row]\n<\/div>","protected":false},"excerpt":{"rendered":"<p>[vc_row full_width=&#8221;stretch_row&#8221; css=&#8221;.vc_custom_1524844563645{margin-top: 40px !important;margin-right: 0px !important;margin-bottom: 0px !important;margin-left: 0px !important;background-color: #ffffff !important;}&#8221;][vc_column width=&#8221;1\/6&#8243;][\/vc_column][vc_column width=&#8221;2\/3&#8243;][gt3_spacing height=&#8221;20px&#8221;][vc_column_text] Jeannine Manuel [\/vc_column_text][gt3_spacing height=&#8221;20px&#8221;][vc_row_inner][vc_column_inner [&hellip;]<\/p>\n","protected":false},"author":1,"featured_media":0,"parent":6797,"menu_order":0,"comment_status":"closed","ping_status":"closed","template":"","meta":{"protect_children":false,"footnotes":""},"class_list":["post-6814","page","type-page","status-publish","hentry"],"_links":{"self":[{"href":"https:\/\/www.ecolejeanninemanuel.org.uk\/fr\/wp-json\/wp\/v2\/pages\/6814","targetHints":{"allow":["GET"]}}],"collection":[{"href":"https:\/\/www.ecolejeanninemanuel.org.uk\/fr\/wp-json\/wp\/v2\/pages"}],"about":[{"href":"https:\/\/www.ecolejeanninemanuel.org.uk\/fr\/wp-json\/wp\/v2\/types\/page"}],"author":[{"embeddable":true,"href":"https:\/\/www.ecolejeanninemanuel.org.uk\/fr\/wp-json\/wp\/v2\/users\/1"}],"replies":[{"embeddable":true,"href":"https:\/\/www.ecolejeanninemanuel.org.uk\/fr\/wp-json\/wp\/v2\/comments?post=6814"}],"version-history":[{"count":0,"href":"https:\/\/www.ecolejeanninemanuel.org.uk\/fr\/wp-json\/wp\/v2\/pages\/6814\/revisions"}],"up":[{"embeddable":true,"href":"https:\/\/www.ecolejeanninemanuel.org.uk\/fr\/wp-json\/wp\/v2\/pages\/6797"}],"wp:attachment":[{"href":"https:\/\/www.ecolejeanninemanuel.org.uk\/fr\/wp-json\/wp\/v2\/media?parent=6814"}],"curies":[{"name":"wp","href":"https:\/\/api.w.org\/{rel}","templated":true}]}}