{"id":6797,"date":"2019-01-17T15:52:35","date_gmt":"2019-01-17T15:52:35","guid":{"rendered":"https:\/\/www.ecolejeanninemanuel.org.uk\/a-propos\/"},"modified":"2019-04-25T16:35:18","modified_gmt":"2019-04-25T15:35:18","slug":"a-propos","status":"publish","type":"page","link":"https:\/\/www.ecolejeanninemanuel.org.uk\/fr\/a-propos\/","title":{"rendered":"L&#8217;\u00e9cole en bref"},"content":{"rendered":"<div class=\"wpb-content-wrapper\">[vc_row full_width=&#8221;stretch_row&#8221; css=&#8221;.vc_custom_1556206493554{margin-top: 40px !important;background-image: url(https:\/\/www.ecolejeanninemanuel.org.uk\/wp-content\/uploads\/2018\/11\/home-about-3.jpg?id=6576) !important;background-position: center !important;background-repeat: no-repeat !important;background-size: cover !important;}&#8221;][vc_column width=&#8221;1\/6&#8243;][\/vc_column][vc_column width=&#8221;2\/3&#8243;][gt3_spacing height=&#8221;30px&#8221;][vc_column_text]\n<h2 style=\"color: white;\">L&#8217;\u00e9cole en bref<\/h2>\n[\/vc_column_text][gt3_spacing height=&#8221;20px&#8221;][vc_column_text]\n<p style=\"color: white;\">Jeannine Manuel cr\u00e9e L\u2019\u00c9cole Active Bilingue en 1954 avec comme mission de promouvoir la compr\u00e9hension internationale par l\u2019\u00e9ducation bilingue d\u00e8s la maternelle. Pour Jeannine Manuel, <em>\u201capprendre une langue \u00e9trang\u00e8re est en soi une chose tr\u00e8s importante. Mais c&#8217;est aussi mieux comprendre l&#8217;autre, c&#8217;est-\u00e0-dire \u00eatre capable de penser comme l&#8217;autre; c&#8217;est une ouverture sur le monde.&#8221;<\/em><\/p>\n<p style=\"color: white;\">Depuis sa cr\u00e9ation en France il y a soixante-cinq ans, l\u2019\u00c9cole Jeannine Manuel est devenue l&#8217;\u00e9tablissement priv\u00e9 et la\u00efc le plus important en France, avec 3,250 \u00e9tudiants \u00e0 Paris et \u00e0 Lille et parmi eux 80 nationalit\u00e9s.<\/p>\n<p style=\"color: white;\">Aujourd\u2019hui, pr\u00e8s de 20,000 \u00e9l\u00e8ves ont pass\u00e9 toute ou une partie de leur scolarit\u00e9 \u00e0 l\u2019\u00c9cole Jeannine Manuel. Ces alumni sont \u00e0 m\u00eame de vivre, de partager, d\u2019\u00e9tudier et de travailler n\u2019importe o\u00f9 et avec n\u2019importe qui dans le monde. Leur r\u00e9ussite et la diversit\u00e9 de leurs parcours illustrent l\u2019esprit d\u2019ouverture et de curiosit\u00e9 que l\u2019\u00c9cole leur a inculqu\u00e9 tout en leur donnant les outils pour s\u2019\u00e9panouir.<\/p>\n<blockquote style=\"color: white;\"><p><em>L\u2019\u00e9cole a pour mission de promouvoir la compr\u00e9hension internationale par l\u2019\u00e9ducation bilingue, le brassage des cultures et une innovation p\u00e9dagogique constante \u00e0 l\u2019\u00e9coute des tendances, al\u00e9as et opportunit\u00e9s du monde ext\u00e9rieur.<\/em><\/p><\/blockquote>\n[\/vc_column_text][gt3_spacing height=&#8221;50px&#8221;][gt3_button button_title=&#8221;Jeannine Manuel&#8221; button_alignment=&#8221;block&#8221; btn_icon_type=&#8221;image&#8221; btn_image=&#8221;1712&#8243; btn_img_width=&#8221;50&#8243; btn_font_size=&#8221;16&#8243; use_theme_button=&#8221;&#8221; btn_bg_color=&#8221;rgba(255,255,255,0.01)&#8221; btn_text_color=&#8221;#ffffff&#8221; btn_bg_color_hover=&#8221;#df1a30&#8243; btn_text_color_hover=&#8221;#ffffff&#8221; btn_icon_color=&#8221;#ffffff&#8221; btn_icon_color_hover=&#8221;#ffffff&#8221; btn_border_color=&#8221;#ffffff&#8221; btn_border_color_hover=&#8221;#df1a30&#8243; link=&#8221;url:https%3A%2F%2Fwww.ecolejeanninemanuel.org.uk%2Ffr%2Fa-propos%2Fjeannine-manuel%2F|||&#8221;][vc_row_inner][vc_column_inner width=&#8221;1\/2&#8243;][gt3_button button_title=&#8221;Notre Conseil d&#8217;Administration&#8221; button_alignment=&#8221;block&#8221; btn_icon_type=&#8221;font&#8221; btn_icon_fontawesome=&#8221;fa fa-graduation-cap&#8221; btn_font_size=&#8221;16&#8243; use_theme_button=&#8221;&#8221; btn_bg_color=&#8221;rgba(255,255,255,0.01)&#8221; btn_text_color=&#8221;#ffffff&#8221; btn_bg_color_hover=&#8221;#df1a30&#8243; btn_text_color_hover=&#8221;#ffffff&#8221; btn_icon_color=&#8221;#ffffff&#8221; btn_icon_color_hover=&#8221;#ffffff&#8221; btn_border_color=&#8221;#ffffff&#8221; btn_border_color_hover=&#8221;#df1a30&#8243; link=&#8221;url:https%3A%2F%2Fwww.ecolejeanninemanuel.org.uk%2Ffr%2Fa-propos%2Fconseil-dadministration%2F|||&#8221;][gt3_button button_title=&#8221;Notre \u00c9quipe de Direction&#8221; button_alignment=&#8221;block&#8221; btn_icon_type=&#8221;font&#8221; btn_icon_fontawesome=&#8221;fa fa-users&#8221; btn_font_size=&#8221;16&#8243; use_theme_button=&#8221;&#8221; btn_bg_color=&#8221;rgba(255,255,255,0.01)&#8221; btn_text_color=&#8221;#ffffff&#8221; btn_bg_color_hover=&#8221;#df1a30&#8243; btn_text_color_hover=&#8221;#ffffff&#8221; btn_icon_color=&#8221;#ffffff&#8221; btn_icon_color_hover=&#8221;#ffffff&#8221; btn_border_color=&#8221;#ffffff&#8221; btn_border_color_hover=&#8221;#df1a30&#8243; link=&#8221;url:https%3A%2F%2Fwww.ecolejeanninemanuel.org.uk%2Ffr%2Fa-propos%2Flequipe-de-direction%2F|||&#8221;][\/vc_column_inner][vc_column_inner width=&#8221;1\/2&#8243;][gt3_button button_title=&#8221;Contactez-nous&#8221; button_alignment=&#8221;block&#8221; btn_icon_type=&#8221;font&#8221; btn_icon_fontawesome=&#8221;fa fa-phone-square&#8221; btn_font_size=&#8221;16&#8243; use_theme_button=&#8221;&#8221; btn_bg_color=&#8221;rgba(255,255,255,0.01)&#8221; btn_text_color=&#8221;#ffffff&#8221; btn_bg_color_hover=&#8221;#df1a30&#8243; btn_text_color_hover=&#8221;#ffffff&#8221; btn_icon_color=&#8221;#ffffff&#8221; btn_icon_color_hover=&#8221;#ffffff&#8221; btn_border_color=&#8221;#ffffff&#8221; btn_border_color_hover=&#8221;#df1a30&#8243; link=&#8221;url:https%3A%2F%2Fwww.ecolejeanninemanuel.org.uk%2Ffr%2Fa-propos%2Fcontactez-nous%2F|||&#8221;][gt3_button button_title=&#8221;Travailler \u00e0 l&#8217;\u00e9cole&#8221; button_alignment=&#8221;block&#8221; btn_icon_type=&#8221;font&#8221; btn_icon_fontawesome=&#8221;fa fa-briefcase&#8221; btn_font_size=&#8221;16&#8243; use_theme_button=&#8221;&#8221; btn_bg_color=&#8221;rgba(255,255,255,0.01)&#8221; btn_text_color=&#8221;#ffffff&#8221; btn_bg_color_hover=&#8221;#df1a30&#8243; btn_text_color_hover=&#8221;#ffffff&#8221; btn_icon_color=&#8221;#ffffff&#8221; btn_icon_color_hover=&#8221;#ffffff&#8221; btn_border_color=&#8221;#ffffff&#8221; btn_border_color_hover=&#8221;#df1a30&#8243; link=&#8221;url:https%3A%2F%2Fjmanuel.bamboohr.co.uk%2Fjobs%2F||target:%20_blank|&#8221;][\/vc_column_inner][\/vc_row_inner][gt3_spacing height=&#8221;100px&#8221;][\/vc_column][vc_column width=&#8221;1\/6&#8243;][\/vc_column][\/vc_row][vc_row full_width=&#8221;stretch_row&#8221; css=&#8221;.vc_custom_1541694211460{background-color: #ffffff !important;}&#8221;][vc_column][\/vc_column][\/vc_row]\n<\/div>","protected":false},"excerpt":{"rendered":"<p>[vc_row full_width=&#8221;stretch_row&#8221; css=&#8221;.vc_custom_1556206493554{margin-top: 40px !important;background-image: url(https:\/\/www.ecolejeanninemanuel.org.uk\/wp-content\/uploads\/2018\/11\/home-about-3.jpg?id=6576) !important;background-position: center !important;background-repeat: no-repeat !important;background-size: cover !important;}&#8221;][vc_column width=&#8221;1\/6&#8243;][\/vc_column][vc_column width=&#8221;2\/3&#8243;][gt3_spacing height=&#8221;30px&#8221;][vc_column_text] L&#8217;\u00e9cole en bref [\/vc_column_text][gt3_spacing [&hellip;]<\/p>\n","protected":false},"author":1,"featured_media":0,"parent":0,"menu_order":0,"comment_status":"closed","ping_status":"closed","template":"","meta":{"protect_children":false,"footnotes":""},"class_list":["post-6797","page","type-page","status-publish","hentry"],"_links":{"self":[{"href":"https:\/\/www.ecolejeanninemanuel.org.uk\/fr\/wp-json\/wp\/v2\/pages\/6797","targetHints":{"allow":["GET"]}}],"collection":[{"href":"https:\/\/www.ecolejeanninemanuel.org.uk\/fr\/wp-json\/wp\/v2\/pages"}],"about":[{"href":"https:\/\/www.ecolejeanninemanuel.org.uk\/fr\/wp-json\/wp\/v2\/types\/page"}],"author":[{"embeddable":true,"href":"https:\/\/www.ecolejeanninemanuel.org.uk\/fr\/wp-json\/wp\/v2\/users\/1"}],"replies":[{"embeddable":true,"href":"https:\/\/www.ecolejeanninemanuel.org.uk\/fr\/wp-json\/wp\/v2\/comments?post=6797"}],"version-history":[{"count":0,"href":"https:\/\/www.ecolejeanninemanuel.org.uk\/fr\/wp-json\/wp\/v2\/pages\/6797\/revisions"}],"wp:attachment":[{"href":"https:\/\/www.ecolejeanninemanuel.org.uk\/fr\/wp-json\/wp\/v2\/media?parent=6797"}],"curies":[{"name":"wp","href":"https:\/\/api.w.org\/{rel}","templated":true}]}}