{"id":6739,"date":"2019-01-16T18:16:25","date_gmt":"2019-01-16T18:16:25","guid":{"rendered":"https:\/\/www.ecolejeanninemanuel.org.uk\/accueil\/"},"modified":"2025-02-13T15:27:28","modified_gmt":"2025-02-13T15:27:28","slug":"accueil","status":"publish","type":"page","link":"https:\/\/www.ecolejeanninemanuel.org.uk\/fr\/","title":{"rendered":"Accueil"},"content":{"rendered":"<div class=\"wpb-content-wrapper\">[vc_row full_width=&#8221;stretch_row&#8221; video_bg=&#8221;yes&#8221; video_bg_url=&#8221;https:\/\/www.youtube.com\/watch?v=9_k6K2XVa8k&#8221; css_animation=&#8221;none&#8221; css=&#8221;.vc_custom_1556731976493{margin-top: -40px !important;background: #ffffff url(https:\/\/www.ecolejeanninemanuel.org.uk\/wp-content\/uploads\/2018\/05\/admissionsbackground-2.jpg?id=6540) !important;background-position: center !important;background-repeat: no-repeat !important;background-size: cover !important;}&#8221;][vc_column][gt3_spacing height=&#8221;240px&#8221; responsive_es=&#8221;true&#8221; height_size_sm_desctop=&#8221;180&#8243; height_mobile=&#8221;70&#8243;][vc_row_inner equal_height=&#8221;yes&#8221; content_placement=&#8221;middle&#8221;][vc_column_inner width=&#8221;2\/3&#8243; css=&#8221;.vc_custom_1540489245049{margin-right: 50px !important;}&#8221;][gt3_custom_text text_color=&#8221;#ffffff&#8221; font_size=&#8221;64&#8243; line_height=&#8221;110&#8243; use_theme_fonts=&#8221;&#8221; google_fonts_text=&#8221;font_family:PT%20Serif%3Aregular%2Citalic%2C700%2C700italic|font_style:700%20bold%20regular%3A700%3Anormal&#8221; responsive_font=&#8221;true&#8221; font_size_sm_desctop=&#8221;50&#8243; font_size_tablet=&#8221;40&#8243;]\n<p style=\"text-align: left;\">Think, Dare, Share &amp; Care.<\/p>\n[\/gt3_custom_text][gt3_spacing height=&#8221;40px&#8221; responsive_es=&#8221;true&#8221; height_mobile=&#8221;25&#8243;][vc_separator color=&#8221;custom&#8221; align=&#8221;align_left&#8221; border_width=&#8221;2&#8243; el_width=&#8221;100px&#8221; accent_color=&#8221;#ffffff&#8221;][gt3_spacing height=&#8221;10px&#8221; responsive_es=&#8221;true&#8221; height_mobile=&#8221;20&#8243;][gt3_spacing height=&#8221;23px&#8221;][gt3_custom_text text_color=&#8221;#ffffff&#8221; font_size=&#8221;22&#8243; line_height=&#8221;145&#8243; use_theme_fonts=&#8221;&#8221; google_fonts_text=&#8221;font_family:PT%20Serif%3Aregular%2Citalic%2C700%2C700italic|font_style:400%20italic%3A400%3Aitalic&#8221;]\n<p style=\"text-align: left;\"><strong>Jeannine Manuel School est une \u00e9cole fran\u00e7aise, bilingue et internationale. Situ\u00e9e en plein coeur de Londres, elle accueille des \u00e9l\u00e8ves \u00e2g\u00e9s de 3 \u00e0 18 ans. <\/strong>Notre \u00e9cole est la petite s\u0153ur de l\u2019\u00c9cole Jeannine Manuel de Paris, class\u00e9e meilleur lyc\u00e9e de France pour la dixi\u00e8me ann\u00e9e cons\u00e9cutive.<\/p>\n[\/gt3_custom_text][\/vc_column_inner][vc_column_inner width=&#8221;1\/3&#8243;][gt3_button button_title=&#8221;News&#8221; button_size=&#8221;large&#8221; button_alignment=&#8221;block&#8221; btn_icon_type=&#8221;font&#8221; btn_icon_fontawesome=&#8221;fa fa-bullhorn&#8221; btn_font_size=&#8221;16&#8243; use_theme_button=&#8221;&#8221; btn_bg_color=&#8221;rgba(255,255,255,0.01)&#8221; btn_text_color=&#8221;#ffffff&#8221; btn_bg_color_hover=&#8221;#df1a30&#8243; btn_text_color_hover=&#8221;#ffffff&#8221; btn_icon_color=&#8221;#ffffff&#8221; btn_icon_color_hover=&#8221;#ffffff&#8221; btn_border_color=&#8221;#ffffff&#8221; btn_border_color_hover=&#8221;#df1a30&#8243; link=&#8221;url:http%3A%2F%2Fwww.ecolejeanninemanuel.org.uk%2Fnews%2F|||&#8221;][gt3_spacing height=&#8221;32px&#8221;][gt3_button button_title=&#8221;Vid\u00e9os&#8221; button_size=&#8221;large&#8221; button_alignment=&#8221;block&#8221; btn_icon_type=&#8221;font&#8221; btn_icon_fontawesome=&#8221;fa fa-film&#8221; btn_font_size=&#8221;16&#8243; use_theme_button=&#8221;&#8221; btn_bg_color=&#8221;rgba(255,255,255,0)&#8221; btn_text_color=&#8221;#ffffff&#8221; btn_bg_color_hover=&#8221;#df1a30&#8243; btn_text_color_hover=&#8221;#ffffff&#8221; btn_icon_color=&#8221;#ffffff&#8221; btn_icon_color_hover=&#8221;#ffffff&#8221; btn_border_color=&#8221;#ffffff&#8221; btn_border_color_hover=&#8221;#df1a30&#8243; link=&#8221;url:https%3A%2F%2Fwww.ecolejeanninemanuel.org.uk%2Ffr%2Fa-propos%2Fvideos%2F|||&#8221;][gt3_spacing height=&#8221;32px&#8221;][gt3_button button_title=&#8221;Admissions&#8221; button_size=&#8221;large&#8221; button_alignment=&#8221;block&#8221; btn_icon_type=&#8221;font&#8221; btn_icon_fontawesome=&#8221;fa fa-check&#8221; btn_font_size=&#8221;16&#8243; use_theme_button=&#8221;&#8221; btn_bg_color=&#8221;rgba(255,255,255,0)&#8221; btn_text_color=&#8221;#ffffff&#8221; btn_bg_color_hover=&#8221;#df1a30&#8243; btn_text_color_hover=&#8221;#ffffff&#8221; btn_icon_color=&#8221;#ffffff&#8221; btn_icon_color_hover=&#8221;#ffffff&#8221; btn_border_color=&#8221;#ffffff&#8221; btn_border_color_hover=&#8221;#df1a30&#8243; link=&#8221;url:https%3A%2F%2Fwww.ecolejeanninemanuel.org.uk%2Ffr%2Fadmissions%2F|||&#8221;][\/vc_column_inner][\/vc_row_inner][gt3_spacing height=&#8221;100px&#8221;][\/vc_column][\/vc_row][vc_row full_width=&#8221;stretch_row&#8221; css=&#8221;.vc_custom_1541434949075{background-color: #ffffff !important;}&#8221;][vc_column css_animation=&#8221;none&#8221; width=&#8221;2\/3&#8243; css=&#8221;.vc_custom_1543599723022{padding-right: 50px !important;}&#8221;][gt3_custom_text text_color=&#8221;#3a3a3a&#8221; font_size=&#8221;18&#8243; line_height=&#8221;160&#8243;]\n<div style=\"background-image: url('\\'\\''); background-position: left 80px top 0px; background-repeat: no-repeat; height: 200px;\">\n<p>&nbsp;<\/p>\n<p dir=\"ltr\"><em>L&#8217;\u00e9cole a pour mission de promouvoir la compr\u00e9hension internationale par l\u2019\u00e9ducation bilingue, le brassage des cultures et une innovation p\u00e9dagogique constante \u00e0 l\u2019\u00e9coute des tendances, al\u00e9as et opportunit\u00e9s du monde ext\u00e9rieur.<\/em><\/p>\n<\/div>\n[\/gt3_custom_text][gt3_spacing height=&#8221;0px&#8221; responsive_es=&#8221;true&#8221; height_size_sm_desctop=&#8221;0px&#8221; height_tablet=&#8221;120px&#8221; height_mobile=&#8221;120px&#8221;][\/vc_column][vc_column css_animation=&#8221;slideInRight&#8221; width=&#8221;1\/3&#8243; css=&#8221;.vc_custom_1653315613062{margin-top: -40px !important;padding-top: 20px !important;padding-right: 20px !important;padding-bottom: 5px !important;padding-left: 20px !important;background-color: #df1a30 !important;border-radius: 10px !important;}&#8221;][gt3_custom_text text_color=&#8221;#ffffff&#8221; font_size=&#8221;18&#8243; line_height=&#8221;200&#8243;]\n<h1 style=\"text-align: center;\"><strong>Class\u00e9<\/strong><\/h1>\n<p style=\"text-align: center;\">#1 \u00c9cole fran\u00e7aise \u00e0 l\u2019\u00e9tranger<\/p>\n<p style=\"text-align: center;\">#2 \u00c9cole IB (petite cohorte) au Royaume-Uni<\/p>\n[\/gt3_custom_text][gt3_spacing height=&#8221;5px&#8221;][vc_column_text][\/vc_column_text][gt3_spacing height=&#8221;15px&#8221;][gt3_button button_title=&#8221;En savoir plus sur nos actualit\u00e9s&#8221; button_alignment=&#8221;block&#8221; btn_icon_type=&#8221;font&#8221; btn_icon_fontawesome=&#8221;fa fa-sign-in&#8221; btn_font_size=&#8221;16&#8243; css_animation=&#8221;none&#8221; use_theme_button=&#8221;&#8221; btn_bg_color=&#8221;&#8221; btn_text_color=&#8221;#ffffff&#8221; btn_bg_color_hover=&#8221;rgba(58,58,58,0.1)&#8221; btn_text_color_hover=&#8221;#ffffff&#8221; btn_icon_color=&#8221;#ffffff&#8221; btn_icon_color_hover=&#8221;#ffffff&#8221; btn_border_color=&#8221;#ffffff&#8221; btn_border_color_hover=&#8221;#ffffff&#8221; link=&#8221;url:https%3A%2F%2Fwww.ecolejeanninemanuel.org.uk%2Fnews%2F|title:Let&#8217;s%20speak%20music!&#8221;][\/vc_column][\/vc_row][vc_row full_width=&#8221;stretch_row_content_no_spaces&#8221; equal_height=&#8221;yes&#8221;][vc_column css_animation=&#8221;none&#8221;][gt3_spacing height=&#8221;0px&#8221; responsive_es=&#8221;true&#8221; height_size_sm_desctop=&#8221;0px&#8221; height_tablet=&#8221;60px&#8221; height_mobile=&#8221;60px&#8221;][gt3_stripe_columns items_height=&#8221;600&#8243; title_color=&#8221;#ffffff&#8221; content_color=&#8221;#ffffff&#8221;][gt3_stripe_column_item title=&#8221;L&#8217;\u00e9cole en bref&#8221; image=&#8221;5179&#8243; link=&#8221;url:https%3A%2F%2Fwww.ecolejeanninemanuel.org.uk%2Ffr%2Fa-propos%2F|||&#8221;]\n<p class=\"normal\"><span lang=\"fr\">Son projet et sa fondatrice, <strong>Jeannine Manuel<\/strong><\/span><\/p>\n[\/gt3_stripe_column_item][gt3_stripe_column_item title=&#8221;Admissions&#8221; image=&#8221;5185&#8243; link=&#8221;url:https%3A%2F%2Fwww.ecolejeanninemanuel.org.uk%2Ffr%2Fadmissions%2F|||&#8221;]Proc\u00e9dures d\u2019admissions et admissions en ligne[\/gt3_stripe_column_item][gt3_stripe_column_item title=&#8221;P\u00e9dagogie&#8221; image=&#8221;5189&#8243; link=&#8221;url:https%3A%2F%2Fwww.ecolejeanninemanuel.org.uk%2Ffr%2Fpedagogie%2F|||&#8221;]Notre mission[\/gt3_stripe_column_item][gt3_stripe_column_item title=&#8221;La vie \u00e0 l\u2019\u00e9cole&#8221; image=&#8221;5191&#8243; link=&#8221;url:https%3A%2F%2Fwww.ecolejeanninemanuel.org.uk%2Ffr%2Fla-vie-a-lecole%2F|||&#8221;]\n<p class=\"normal\"><span lang=\"fr\">Rythmes scolaires et notre communaut\u00e9 <\/span><\/p>\n[\/gt3_stripe_column_item][gt3_stripe_column_item title=&#8221;Bourses&#8221; image=&#8221;5637&#8243; link=&#8221;url:https%3A%2F%2Fwww.ecolejeanninemanuel.org.uk%2Ffr%2Fadmissions%2Ffrais-de-scolarite-bourses%2F|||&#8221;]Notre objectif est d\u2019atteindre 20% d\u2019\u00e9l\u00e8ves boursiers. Postulez d\u00e8s maintenant ![\/gt3_stripe_column_item][\/gt3_stripe_columns][\/vc_column][\/vc_row][vc_row full_width=&#8221;stretch_row&#8221; css=&#8221;.vc_custom_1541443430230{margin-top: 25px !important;}&#8221;][vc_column][vc_column_text]\n<h3 style=\"text-align: center; color: #df1a30;\">L&#8217;\u00e9cole en chiffres<\/h3>\n[\/vc_column_text][vc_row_inner][vc_column_inner width=&#8221;1\/5&#8243;][gt3_spacing height=&#8221;150px&#8221;][gt3_icon_box icon_type=&#8221;font&#8221; icon_fontawesome=&#8221;fas fa-graduation-cap&#8221; icon_position=&#8221;top&#8221; icon_size=&#8221;large&#8221; icon_color=&#8221;#df1a30&#8243; title_tag=&#8221;h3&#8243; iconbox_title_size=&#8221;24&#8243; iconbox_content_size=&#8221;18&#8243; title_color=&#8221;#df1a30&#8243; text_color=&#8221;#3a3a3a&#8221; link_color=&#8221;#df1a30&#8243; link_hover_color=&#8221;#ffffff&#8221; new_tab=&#8221;&#8221; icon_circle=&#8221;&#8221; icon_add_number=&#8221;true&#8221; icon_number=&#8221;700&#8243; heading=&#8221;El\u00e8ves&#8221;][\/vc_column_inner][vc_column_inner width=&#8221;1\/5&#8243;][gt3_spacing height=&#8221;150px&#8221;][gt3_icon_box icon_type=&#8221;font&#8221; icon_fontawesome=&#8221;fa fa-globe&#8221; icon_position=&#8221;top&#8221; icon_size=&#8221;large&#8221; icon_color=&#8221;#df1a30&#8243; title_tag=&#8221;h3&#8243; iconbox_title_size=&#8221;24&#8243; iconbox_content_size=&#8221;18&#8243; title_color=&#8221;#df1a30&#8243; text_color=&#8221;#3a3a3a&#8221; link_color=&#8221;#df1a30&#8243; link_hover_color=&#8221;#ffffff&#8221; new_tab=&#8221;&#8221; icon_circle=&#8221;&#8221; icon_add_number=&#8221;true&#8221; icon_number=&#8221;45+&#8221; heading=&#8221;Nationalit\u00e9s&#8221;][\/vc_column_inner][vc_column_inner width=&#8221;1\/5&#8243;][gt3_spacing height=&#8221;150px&#8221;][gt3_icon_box icon_type=&#8221;font&#8221; icon_fontawesome=&#8221;fas fa-school&#8221; icon_position=&#8221;top&#8221; icon_size=&#8221;large&#8221; icon_color=&#8221;#df1a30&#8243; title_tag=&#8221;h3&#8243; iconbox_title_size=&#8221;24&#8243; iconbox_content_size=&#8221;18&#8243; title_color=&#8221;#df1a30&#8243; text_color=&#8221;#3a3a3a&#8221; link_color=&#8221;#df1a30&#8243; link_hover_color=&#8221;#ffffff&#8221; new_tab=&#8221;&#8221; icon_circle=&#8221;&#8221; icon_add_number=&#8221;true&#8221; icon_number=&#8221;7:1&#8243; heading=&#8221;Taux d\u2019encadrement \u00e9l\u00e8ves-professeur&#8221;][\/vc_column_inner][vc_column_inner width=&#8221;1\/5&#8243;][gt3_spacing height=&#8221;150px&#8221;][gt3_icon_box icon_type=&#8221;font&#8221; icon_fontawesome=&#8221;fas fa-users&#8221; icon_position=&#8221;top&#8221; icon_size=&#8221;large&#8221; icon_color=&#8221;#df1a30&#8243; title_tag=&#8221;h3&#8243; iconbox_title_size=&#8221;24&#8243; iconbox_content_size=&#8221;18&#8243; title_color=&#8221;#df1a30&#8243; text_color=&#8221;#3a3a3a&#8221; link_color=&#8221;#df1a30&#8243; link_hover_color=&#8221;#ffffff&#8221; new_tab=&#8221;&#8221; icon_circle=&#8221;&#8221; icon_add_number=&#8221;true&#8221; icon_number=&#8221;\u00a31M+&#8221; heading=&#8221;Bourses&#8221;][\/vc_column_inner][vc_column_inner width=&#8221;1\/5&#8243;][gt3_spacing height=&#8221;150px&#8221;][gt3_icon_box icon_type=&#8221;font&#8221; icon_fontawesome=&#8221;fa fa-child&#8221; icon_position=&#8221;top&#8221; icon_size=&#8221;large&#8221; icon_color=&#8221;#df1a30&#8243; title_tag=&#8221;h3&#8243; iconbox_title_size=&#8221;24&#8243; iconbox_content_size=&#8221;18&#8243; title_color=&#8221;#df1a30&#8243; text_color=&#8221;#3a3a3a&#8221; link_color=&#8221;#df1a30&#8243; link_hover_color=&#8221;#ffffff&#8221; new_tab=&#8221;&#8221; icon_circle=&#8221;&#8221; icon_add_number=&#8221;true&#8221; icon_number=&#8221;20&#8243; heading=&#8221;Maximum d&#8217;\u00e9l\u00e8ves par classe&#8221;][\/vc_column_inner][\/vc_row_inner][gt3_spacing height=&#8221;80px&#8221;][\/vc_column][\/vc_row]\n<\/div>","protected":false},"excerpt":{"rendered":"<p>[vc_row full_width=&#8221;stretch_row&#8221; video_bg=&#8221;yes&#8221; video_bg_url=&#8221;https:\/\/www.youtube.com\/watch?v=9_k6K2XVa8k&#8221; css_animation=&#8221;none&#8221; css=&#8221;.vc_custom_1556731976493{margin-top: -40px !important;background: #ffffff url(https:\/\/www.ecolejeanninemanuel.org.uk\/wp-content\/uploads\/2018\/05\/admissionsbackground-2.jpg?id=6540) !important;background-position: center !important;background-repeat: no-repeat !important;background-size: cover !important;}&#8221;][vc_column][gt3_spacing height=&#8221;240px&#8221; responsive_es=&#8221;true&#8221; height_size_sm_desctop=&#8221;180&#8243; [&hellip;]<\/p>\n","protected":false},"author":1,"featured_media":0,"parent":0,"menu_order":0,"comment_status":"closed","ping_status":"closed","template":"full-width.php","meta":{"protect_children":false,"footnotes":""},"class_list":["post-6739","page","type-page","status-publish","hentry"],"_links":{"self":[{"href":"https:\/\/www.ecolejeanninemanuel.org.uk\/fr\/wp-json\/wp\/v2\/pages\/6739","targetHints":{"allow":["GET"]}}],"collection":[{"href":"https:\/\/www.ecolejeanninemanuel.org.uk\/fr\/wp-json\/wp\/v2\/pages"}],"about":[{"href":"https:\/\/www.ecolejeanninemanuel.org.uk\/fr\/wp-json\/wp\/v2\/types\/page"}],"author":[{"embeddable":true,"href":"https:\/\/www.ecolejeanninemanuel.org.uk\/fr\/wp-json\/wp\/v2\/users\/1"}],"replies":[{"embeddable":true,"href":"https:\/\/www.ecolejeanninemanuel.org.uk\/fr\/wp-json\/wp\/v2\/comments?post=6739"}],"version-history":[{"count":2,"href":"https:\/\/www.ecolejeanninemanuel.org.uk\/fr\/wp-json\/wp\/v2\/pages\/6739\/revisions"}],"predecessor-version":[{"id":16135,"href":"https:\/\/www.ecolejeanninemanuel.org.uk\/fr\/wp-json\/wp\/v2\/pages\/6739\/revisions\/16135"}],"wp:attachment":[{"href":"https:\/\/www.ecolejeanninemanuel.org.uk\/fr\/wp-json\/wp\/v2\/media?parent=6739"}],"curies":[{"name":"wp","href":"https:\/\/api.w.org\/{rel}","templated":true}]}}