{"id":17210,"date":"2026-05-05T17:11:19","date_gmt":"2026-05-05T16:11:19","guid":{"rendered":"https:\/\/www.ecolejeanninemanuel.org.uk\/?page_id=17210"},"modified":"2026-05-05T17:28:32","modified_gmt":"2026-05-05T16:28:32","slug":"baccalaureat-francais-international-bfi","status":"publish","type":"page","link":"https:\/\/www.ecolejeanninemanuel.org.uk\/fr\/pedagogie\/baccalaureat-francais-international-bfi\/","title":{"rendered":"Baccalaur\u00e9at Fran\u00e7ais International (BFI)"},"content":{"rendered":"<div class=\"wpb-content-wrapper\">[vc_row full_width=&#8221;stretch_row&#8221; css=&#8221;.vc_custom_1524844563645{margin-top: 40px !important;margin-right: 0px !important;margin-bottom: 0px !important;margin-left: 0px !important;background-color: #ffffff !important;}&#8221;][vc_column width=&#8221;1\/6&#8243;][\/vc_column][vc_column width=&#8221;2\/3&#8243;][vc_column_text css=&#8221;&#8221;]\n<h1 style=\"color: #3a3a3a; text-align: center;\"><span style=\"color: #df1a30;\">Baccalaur\u00e9at Fran\u00e7ais International (BFI)<\/span><\/h1>\n[\/vc_column_text][gt3_spacing height=&#8221;20px&#8221;][vc_row_inner][vc_column_inner width=&#8221;2\/3&#8243;][vc_column_text css=&#8221;&#8221;]En 1<sup>\u00e8re<\/sup>, les e\u0301l\u00e8ves ont le choix entre deux parcours d\u2019excellence, reconnus par les meilleures universit\u00e9s \u00e0 travers le monde : le Baccalaur\u00e9at Fran\u00e7ais International (BFI \u2013 section am\u00e9ricaine) ou l&#8217;<span><a href=\"https:\/\/www.ecolejeanninemanuel.org.uk\/academic\/sixth-form-international-baccalaureate-ib\/\">International Baccalaureate Diploma (IB)<\/a><\/span>. Notre lyc\u00e9e est \u00e9galement une Section Internationale am\u00e9ricaine.[\/vc_column_text][\/vc_column_inner][vc_column_inner width=&#8221;1\/3&#8243;][vc_single_image image=&#8221;17188&#8243; img_size=&#8221;medium&#8221; alignment=&#8221;center&#8221; css=&#8221;&#8221;][\/vc_column_inner][\/vc_row_inner][gt3_spacing height=&#8221;20px&#8221;][vc_separator css=&#8221;&#8221;][gt3_spacing height=&#8221;20px&#8221;][vc_row_inner][vc_column_inner width=&#8221;2\/3&#8243;][vc_column_text css=&#8221;&#8221;]\n<h3 style=\"color: #3a3a3a; text-align: left;\"><span style=\"color: #333333;\">Le Baccalaur\u00e9at Fran\u00e7ais International (BFI)<\/span><\/h3>\n<p>Les \u00e9l\u00e8ves souhaitant s\u2019orienter vers un programme fran\u00e7ais pr\u00e9parent le Baccalaur\u00e9at Fran\u00e7ais International (\u00ab BFI \u00bb). Le BFI comprend des \u00e9preuves d\u2019histoire-ge\u0301ographie et de litt\u00e9rature de langue anglaise sp\u00e9cifiques, et constitue ainsi la plus haute certification de bilinguisme de fin d\u2019\u00e9tudes secondaires fran\u00e7aises. Ce dipl\u00f4me est le fruit d\u2019accords pass\u00e9s entre la France et plusieurs pays \u2013 nous proposons \u00e0 Londres la section Am\u00e9ricaine.<\/p>\n<p>L\u2019 BFI est un dipl\u00f4me exigeant, bilingue et biculturel, que passent seulement 1% des bacheliers \u00e0 travers le monde. Il r\u00e9unit deux visions p\u00e9dagogiques, deux approches \u00e9ducatives et, tout comme le BI, est reconnu par les plus prestigieuses universit\u00e9s \u00e0 travers le monde.<\/p>\n<p>Il se compose d\u2019un tronc commun et d\u2019enseignements de sp\u00e9cialit\u00e9.<\/p>\n<p>Vous trouverez plus d\u2019informations sur le BFI en suivant ce <a href=\"https:\/\/www.education.gouv.fr\/cid126438\/un-nouveau-baccalaureat-2021.html\">lien.<\/a> Plus d&#8217;informations concernant la section am\u00e9ricaine sont disponibles <a href=\"https:\/\/www.ecolejeanninemanuel.org.uk\/wp-content\/uploads\/2024\/11\/AAMIS-BOOK-Digital.pdf\">ici<\/a>.[\/vc_column_text][gt3_spacing height=&#8221;20px&#8221;][vc_toggle title=&#8221;Mati\u00e8res Propos\u00e9es&#8221; color=&#8221;chevron&#8221; css=&#8221;&#8221;]\n<ul>\n<li>Histoire g\u00e9ographie, g\u00e9opolitique et sciences politiques (HGGSP)<\/li>\n<li>Humanit\u00e9s, litt\u00e9rature et philosophie (HLP)<\/li>\n<li>Math\u00e9matiques<\/li>\n<li>Physique-chimie (PC)<\/li>\n<li>Sciences de la vie et de la terre (SVT)<\/li>\n<li>Sciences \u00e9conomiques et sociales (SES)<\/li>\n<\/ul>\n[\/vc_toggle][\/vc_column_inner][vc_column_inner width=&#8221;1\/3&#8243;][vc_column_text css=&#8221;&#8221;]\n<h3><span style=\"color: #df1a30;\">R\u00e9sultats<\/span><\/h3>\n<p><span class=\"a_GcMg font-feature-liga-off font-feature-clig-off font-feature-calt-off text-decoration-none text-strikethrough-none\"><strong>BFI <\/strong>(2022-2025): les \u00e9l\u00e8ves ont obtenu un taux de r\u00e9ussite de 100 %, avec 100 % de mentions <em>Bien<\/em> ou <em>Tr\u00e8s Bien<\/em>, dont 69 % de mentions <em>Tr\u00e8s Bien<\/em>. Parmi eux, 37 % ont re\u00e7u les\u00a0 <em>F\u00e9licitations du Jury<\/em>. En 2025, la moyenne au BFI s\u2019\u00e9levait \u00e0 17,2\/20, avec 86 % des \u00e9l\u00e8ves obtenant une mention <em>Tr\u00e8s Bien<\/em>, dont 42 % avec les <em>F\u00e9licitations du Jury.<\/em>\u00a0<\/span><\/p>\n<p><span class=\"a_GcMg font-feature-liga-off font-feature-clig-off font-feature-calt-off text-decoration-none text-strikethrough-none\">Dans leurs <strong>Advanced Placement (AP)<\/strong> (nouveaut\u00e9 introduite en 2025), les \u00e9l\u00e8ves ont obtenu une moyenne g\u00e9n\u00e9rale de 4,5\/5 (contre une moyenne mondiale de 2,9). Ils ont obtenu en moyenne 4,4 en <em>English Literature &amp; Composition<\/em>, 4,8 en<em> European History<\/em>, 4,4 en <em>Human Geography<\/em>, et 5 en <em>Calculus BC <\/em>et <em>AB Subscore.<\/em><\/span>[\/vc_column_text][\/vc_column_inner][\/vc_row_inner][gt3_spacing height=&#8221;20px&#8221;][vc_column_text css=&#8221;&#8221;]\n<h3 style=\"color: #3a3a3a; text-align: left;\"><span style=\"color: #df1a30;\">\u00c9tudes Sup\u00e9rieures<\/span><\/h3>\n[\/vc_column_text][gt3_spacing height=&#8221;20px&#8221;][vc_toggle title=&#8221;Pr\u00e9parer l&#8217;Avenir&#8221; color=&#8221;chevron&#8221; css=&#8221;&#8221;]Une fois leurs \u00e9tudes termin\u00e9es, beaucoup de nos \u00e9l\u00e8ves exerceront des m\u00e9tiers qui n\u2019existent pas encore\u00a0et seront confront\u00e9s \u00e0 des probl\u00e8mes dont nous ignorons aujourd\u2019hui l\u2019existence. Nos programmes &#8211; bilingues et ambitieux &#8211; les pr\u00e9parent \u00e0 r\u00e9ussir et \u00e0 s\u2019\u00e9panouir dans le monde de demain.<\/p>\n<p>Pour un \u00e9l\u00e8ve r\u00e9ellement bilingue, le march\u00e9 des \u00e9tudes sup\u00e9rieures est vaste, complexe et en perp\u00e9tuelle \u00e9volution. La liste des pays dans lesquels nos \u00e9l\u00e8ves pourront poursuivre leurs \u00e9tudes sup\u00e9rieures est longue et la plupart d\u2019entre eux choisiront de combiner le meilleur de diff\u00e9rents syst\u00e8mes \u00e9ducatifs. Pour nos \u00e9l\u00e8ves, les possibilit\u00e9s sont aussi nombreuses qu\u2019elles sont int\u00e9ressantes\u00a0!<\/p>\n<p>Notre \u00e9quipe de <em>college counsellors <\/em>et <em>university advisors <\/em>aide nos \u00e9l\u00e8ves et leurs familles \u00e0 d\u00e9chiffrer le paysage des \u00e9tudes sup\u00e9rieures\u00a0et \u00e0 comprendre quelles options leur sont ouvertes et comment s\u2019y pr\u00e9parer. Les \u00e9l\u00e8ves et leurs familles re\u00e7oivent un accompagnement individuel et personnalis\u00e9. En plus des rendez-vous avec l\u2019\u00e9quipe d\u2019orientation ils ont acc\u00e8s \u00e0 un programme de conf\u00e9rences, d\u2019ateliers, de tests psychom\u00e9triques et de pr\u00e9paration aux entretiens et divers tests d\u2019admission universitaire. Notre programme d\u2019orientation est pens\u00e9 pour aider chaque \u00e9l\u00e8ve \u00e0 d\u00e9finir ses projets et ses forces de fa\u00e7on \u00e0 ce que chacun puisse devenir acteur de son propre avenir.<\/p>\n<p>Notre programme d\u2019orientation d\u00e9bute formellement en 3<sup>\u00e8me<\/sup> mais nos \u00e9l\u00e8ves commencent \u00e0 se pr\u00e9parer pour l\u2019avenir bien avant cela. Qu\u2019ils soient en classe, sur le terrain de sport ou en train de faire du volontariat, nos \u00e9l\u00e8ves d\u00e9veloppent leur esprit critique, leur cr\u00e9ativit\u00e9, leur altruisme et leur capacit\u00e9 \u00e0 r\u00e9soudre des probl\u00e8mes et \u00e0 travailler en \u00e9quipe \u2013 toutes des comp\u00e9tences essentielles pour s\u2019\u00e9panouir dans leur vie apr\u00e8s l\u2019\u00e9cole.[\/vc_toggle][vc_toggle title=&#8221;Universit\u00e9s&#8221; color=&#8221;chevron&#8221; css=&#8221;&#8221;]\n<div>D\u00e9couvrez plus d\u2019informations sur les destinations universitaires de nos \u00e9l\u00e8ves dans le notre <em>School Profile<\/em> ci-dessous, et <a href=\"https:\/\/www.ecolejeanninemanuel.org.uk\/academic\/sixth-form\/school-profile-full-list-2023-2025\/\">cliquez ici pour consulter la liste compl\u00e8te des offres universitaires<\/a>.<\/div>\n<div><\/div>\n<div style=\"position: relative; padding-top: max(60%,326px); height: 0; width: 100%;\"><iframe style=\"position: absolute; border: none; width: 100%; height: 100%; left: 0; right: 0; top: 0; bottom: 0;\" src=\"https:\/\/e.issuu.com\/embed.html?d=school_profile_2023-2024_vf&amp;u=ecolejeanninemanueluk\" sandbox=\"allow-top-navigation allow-top-navigation-by-user-activation allow-downloads allow-scripts allow-same-origin allow-popups allow-modals allow-popups-to-escape-sandbox allow-forms\" allowfullscreen=\"allowfullscreen\"><\/iframe><\/div>\n[\/vc_toggle][gt3_spacing height=&#8221;20px&#8221;][\/vc_column][vc_column width=&#8221;1\/6&#8243;][\/vc_column][\/vc_row]\n<\/div>","protected":false},"excerpt":{"rendered":"<p>[vc_row full_width=&#8221;stretch_row&#8221; css=&#8221;.vc_custom_1524844563645{margin-top: 40px !important;margin-right: 0px !important;margin-bottom: 0px !important;margin-left: 0px !important;background-color: #ffffff !important;}&#8221;][vc_column width=&#8221;1\/6&#8243;][\/vc_column][vc_column width=&#8221;2\/3&#8243;][vc_column_text css=&#8221;&#8221;] Baccalaur\u00e9at Fran\u00e7ais International (BFI) [&hellip;]<\/p>\n","protected":false},"author":3,"featured_media":0,"parent":6926,"menu_order":0,"comment_status":"closed","ping_status":"closed","template":"","meta":{"protect_children":false,"footnotes":""},"class_list":["post-17210","page","type-page","status-publish","hentry"],"_links":{"self":[{"href":"https:\/\/www.ecolejeanninemanuel.org.uk\/fr\/wp-json\/wp\/v2\/pages\/17210","targetHints":{"allow":["GET"]}}],"collection":[{"href":"https:\/\/www.ecolejeanninemanuel.org.uk\/fr\/wp-json\/wp\/v2\/pages"}],"about":[{"href":"https:\/\/www.ecolejeanninemanuel.org.uk\/fr\/wp-json\/wp\/v2\/types\/page"}],"author":[{"embeddable":true,"href":"https:\/\/www.ecolejeanninemanuel.org.uk\/fr\/wp-json\/wp\/v2\/users\/3"}],"replies":[{"embeddable":true,"href":"https:\/\/www.ecolejeanninemanuel.org.uk\/fr\/wp-json\/wp\/v2\/comments?post=17210"}],"version-history":[{"count":6,"href":"https:\/\/www.ecolejeanninemanuel.org.uk\/fr\/wp-json\/wp\/v2\/pages\/17210\/revisions"}],"predecessor-version":[{"id":17221,"href":"https:\/\/www.ecolejeanninemanuel.org.uk\/fr\/wp-json\/wp\/v2\/pages\/17210\/revisions\/17221"}],"up":[{"embeddable":true,"href":"https:\/\/www.ecolejeanninemanuel.org.uk\/fr\/wp-json\/wp\/v2\/pages\/6926"}],"wp:attachment":[{"href":"https:\/\/www.ecolejeanninemanuel.org.uk\/fr\/wp-json\/wp\/v2\/media?parent=17210"}],"curies":[{"name":"wp","href":"https:\/\/api.w.org\/{rel}","templated":true}]}}