{"id":11644,"date":"2022-02-22T10:17:44","date_gmt":"2022-02-22T10:17:44","guid":{"rendered":"https:\/\/www.ecolejeanninemanuel.org.uk\/1ere-year-12-oib-curriculum\/"},"modified":"2025-10-10T14:56:41","modified_gmt":"2025-10-10T13:56:41","slug":"1ere-year12-oib-curriculum","status":"publish","type":"page","link":"https:\/\/www.ecolejeanninemanuel.org.uk\/fr\/curriculum\/secondaire\/1ere-year12-oib-curriculum\/","title":{"rendered":"1ere \/ Year 12 BFI Curriculum"},"content":{"rendered":"<div class=\"wpb-content-wrapper\">[vc_row][vc_column][vc_column_text]\n<h1>1ere \/ Year 12 BFI Curriculum<\/h1>\n[\/vc_column_text][\/vc_column][\/vc_row][vc_row el_class=&#8221;description-container&#8221;][vc_column][vc_column_text]S\u00e9lectionnez une mati\u00e8re pour acc\u00e9der \u00e0 la progression.[\/vc_column_text][\/vc_column][\/vc_row][vc_row][vc_column width=&#8221;1\/4&#8243; el_class=&#8221;button-container&#8221;][gt3_button button_title=&#8221;English&#8221; button_size=&#8221;large&#8221; button_alignment=&#8221;block&#8221; btn_font_size=&#8221;16&#8243; use_theme_button=&#8221;&#8221; btn_bg_color=&#8221;#ffffff&#8221; btn_text_color=&#8221;#df1a30&#8243; btn_bg_color_hover=&#8221;#df1a30&#8243; btn_text_color_hover=&#8221;#ffffff&#8221; btn_icon_color=&#8221;#ffffff&#8221; btn_icon_color_hover=&#8221;#ffffff&#8221; btn_border_color=&#8221;#df1a30&#8243; btn_border_color_hover=&#8221;#df1a30&#8243; link=&#8221;url:https%3A%2F%2Fwww.ecolejeanninemanuel.org.uk%2Fwp-content%2Fuploads%2F2025%2F10%2FEnglish-1ere-BFI.pdf&#8221;][\/vc_column][vc_column width=&#8221;1\/4&#8243; el_class=&#8221;button-container&#8221;][gt3_button button_title=&#8221;Fran\u00e7ais&#8221; button_size=&#8221;large&#8221; button_alignment=&#8221;block&#8221; btn_font_size=&#8221;16&#8243; use_theme_button=&#8221;&#8221; btn_bg_color=&#8221;#ffffff&#8221; btn_text_color=&#8221;#df1a30&#8243; btn_bg_color_hover=&#8221;#df1a30&#8243; btn_text_color_hover=&#8221;#ffffff&#8221; btn_icon_color=&#8221;#ffffff&#8221; btn_icon_color_hover=&#8221;#ffffff&#8221; btn_border_color=&#8221;#df1a30&#8243; btn_border_color_hover=&#8221;#df1a30&#8243; link=&#8221;url:https%3A%2F%2Fwww.ecolejeanninemanuel.org.uk%2Fwp-content%2Fuploads%2F2024%2F10%2FFrench-Y12-BFI.pdf&#8221;][\/vc_column][vc_column width=&#8221;1\/4&#8243; el_class=&#8221;button-container&#8221;][gt3_button button_title=&#8221;Maths&#8221; button_size=&#8221;large&#8221; button_alignment=&#8221;block&#8221; btn_font_size=&#8221;16&#8243; use_theme_button=&#8221;&#8221; btn_bg_color=&#8221;#ffffff&#8221; btn_text_color=&#8221;#df1a30&#8243; btn_bg_color_hover=&#8221;#df1a30&#8243; btn_text_color_hover=&#8221;#ffffff&#8221; btn_icon_color=&#8221;#ffffff&#8221; btn_icon_color_hover=&#8221;#ffffff&#8221; btn_border_color=&#8221;#df1a30&#8243; btn_border_color_hover=&#8221;#df1a30&#8243; link=&#8221;url:https%3A%2F%2Fwww.ecolejeanninemanuel.org.uk%2Fwp-content%2Fuploads%2F2024%2F09%2FMaths-Year-12-BFI.pdf&#8221;][\/vc_column][vc_column width=&#8221;1\/4&#8243; el_class=&#8221;button-container&#8221;][gt3_button button_title=&#8221;Maths Socle&#8221; button_size=&#8221;large&#8221; button_alignment=&#8221;block&#8221; btn_font_size=&#8221;16&#8243; use_theme_button=&#8221;&#8221; btn_bg_color=&#8221;#ffffff&#8221; btn_text_color=&#8221;#df1a30&#8243; btn_bg_color_hover=&#8221;#df1a30&#8243; btn_text_color_hover=&#8221;#ffffff&#8221; btn_icon_color=&#8221;#ffffff&#8221; btn_icon_color_hover=&#8221;#ffffff&#8221; btn_border_color=&#8221;#df1a30&#8243; btn_border_color_hover=&#8221;#df1a30&#8243; link=&#8221;url:https%3A%2F%2Fwww.ecolejeanninemanuel.org.uk%2Fwp-content%2Fuploads%2F2024%2F10%2FMaths-Socle-Year-12.pdf&#8221; item_el_class=&#8221;coming-soon&#8221;][\/vc_column][\/vc_row][vc_row][vc_column width=&#8221;1\/4&#8243; el_class=&#8221;button-container&#8221;][gt3_button button_title=&#8221;HG \/ HGGSP&#8221; button_size=&#8221;large&#8221; button_alignment=&#8221;block&#8221; btn_font_size=&#8221;16&#8243; use_theme_button=&#8221;&#8221; btn_bg_color=&#8221;#ffffff&#8221; btn_text_color=&#8221;#df1a30&#8243; btn_bg_color_hover=&#8221;#df1a30&#8243; btn_text_color_hover=&#8221;#ffffff&#8221; btn_icon_color=&#8221;#ffffff&#8221; btn_icon_color_hover=&#8221;#ffffff&#8221; btn_border_color=&#8221;#df1a30&#8243; btn_border_color_hover=&#8221;#df1a30&#8243; link=&#8221;url:https%3A%2F%2Fwww.ecolejeanninemanuel.org.uk%2Fwp-content%2Fuploads%2F2025%2F09%2FY12-BFI-HG-HGGSP.pdf&#8221;][\/vc_column][vc_column width=&#8221;1\/4&#8243; el_class=&#8221;button-container&#8221;][gt3_button button_title=&#8221;Enseignement Scientifique&#8221; button_size=&#8221;large&#8221; button_alignment=&#8221;block&#8221; btn_font_size=&#8221;16&#8243; use_theme_button=&#8221;&#8221; btn_bg_color=&#8221;#ffffff&#8221; btn_text_color=&#8221;#df1a30&#8243; btn_bg_color_hover=&#8221;#df1a30&#8243; btn_text_color_hover=&#8221;#ffffff&#8221; btn_icon_color=&#8221;#ffffff&#8221; btn_icon_color_hover=&#8221;#ffffff&#8221; btn_border_color=&#8221;#df1a30&#8243; btn_border_color_hover=&#8221;#df1a30&#8243; link=&#8221;url:https%3A%2F%2Fwww.ecolejeanninemanuel.org.uk%2Fwp-content%2Fuploads%2F2024%2F12%2FEnseignement-scientifique-Year-12.pdf&#8221;][\/vc_column][vc_column width=&#8221;1\/4&#8243; el_class=&#8221;button-container&#8221;][gt3_button button_title=&#8221;Physique-Chimie&#8221; button_size=&#8221;large&#8221; button_alignment=&#8221;block&#8221; btn_font_size=&#8221;16&#8243; use_theme_button=&#8221;&#8221; btn_bg_color=&#8221;#ffffff&#8221; btn_text_color=&#8221;#df1a30&#8243; btn_bg_color_hover=&#8221;#df1a30&#8243; btn_text_color_hover=&#8221;#ffffff&#8221; btn_icon_color=&#8221;#ffffff&#8221; btn_icon_color_hover=&#8221;#ffffff&#8221; btn_border_color=&#8221;#df1a30&#8243; btn_border_color_hover=&#8221;#df1a30&#8243; link=&#8221;url:https%3A%2F%2Fwww.ecolejeanninemanuel.org.uk%2Fwp-content%2Fuploads%2F2024%2F10%2FPC-Year-12.pdf&#8221;][\/vc_column][vc_column width=&#8221;1\/4&#8243;][gt3_button button_title=&#8221;SVT&#8221; button_size=&#8221;large&#8221; button_alignment=&#8221;block&#8221; btn_font_size=&#8221;16&#8243; use_theme_button=&#8221;&#8221; btn_bg_color=&#8221;#ffffff&#8221; btn_text_color=&#8221;#df1a30&#8243; btn_bg_color_hover=&#8221;#df1a30&#8243; btn_text_color_hover=&#8221;#ffffff&#8221; btn_icon_color=&#8221;#ffffff&#8221; btn_icon_color_hover=&#8221;#ffffff&#8221; btn_border_color=&#8221;#df1a30&#8243; btn_border_color_hover=&#8221;#df1a30&#8243; link=&#8221;url:https%3A%2F%2Fwww.ecolejeanninemanuel.org.uk%2Fwp-content%2Fuploads%2F2024%2F12%2FSVT-Year-12.pdf&#8221;][\/vc_column][\/vc_row][vc_row][vc_column width=&#8221;1\/4&#8243; el_class=&#8221;button-container&#8221;][gt3_button button_title=&#8221;HLP&#8221; button_size=&#8221;large&#8221; button_alignment=&#8221;block&#8221; btn_font_size=&#8221;16&#8243; use_theme_button=&#8221;&#8221; btn_bg_color=&#8221;#ffffff&#8221; btn_text_color=&#8221;#df1a30&#8243; btn_bg_color_hover=&#8221;#df1a30&#8243; btn_text_color_hover=&#8221;#ffffff&#8221; btn_icon_color=&#8221;#ffffff&#8221; btn_icon_color_hover=&#8221;#ffffff&#8221; btn_border_color=&#8221;#df1a30&#8243; btn_border_color_hover=&#8221;#df1a30&#8243; link=&#8221;url:https%3A%2F%2Fwww.ecolejeanninemanuel.org.uk%2Fwp-content%2Fuploads%2F2024%2F10%2FHLP-Year-12.pdf&#8221;][\/vc_column][vc_column width=&#8221;1\/4&#8243; el_class=&#8221;button-container&#8221;][gt3_button button_title=&#8221;SES&#8221; button_size=&#8221;large&#8221; button_alignment=&#8221;block&#8221; btn_font_size=&#8221;16&#8243; use_theme_button=&#8221;&#8221; btn_bg_color=&#8221;#ffffff&#8221; btn_text_color=&#8221;#df1a30&#8243; btn_bg_color_hover=&#8221;#df1a30&#8243; btn_text_color_hover=&#8221;#ffffff&#8221; btn_icon_color=&#8221;#ffffff&#8221; btn_icon_color_hover=&#8221;#ffffff&#8221; btn_border_color=&#8221;#df1a30&#8243; btn_border_color_hover=&#8221;#df1a30&#8243; link=&#8221;url:https%3A%2F%2Fwww.ecolejeanninemanuel.org.uk%2Fwp-content%2Fuploads%2F2025%2F01%2FSES-Year-12.pdf&#8221; item_el_class=&#8221;coming-soon&#8221;][\/vc_column][vc_column width=&#8221;1\/4&#8243; el_class=&#8221;button-container&#8221;][gt3_button button_title=&#8221;Espagnol&#8221; button_size=&#8221;large&#8221; button_alignment=&#8221;block&#8221; btn_font_size=&#8221;16&#8243; use_theme_button=&#8221;&#8221; btn_bg_color=&#8221;#ffffff&#8221; btn_text_color=&#8221;#df1a30&#8243; btn_bg_color_hover=&#8221;#df1a30&#8243; btn_text_color_hover=&#8221;#ffffff&#8221; btn_icon_color=&#8221;#ffffff&#8221; btn_icon_color_hover=&#8221;#ffffff&#8221; btn_border_color=&#8221;#df1a30&#8243; btn_border_color_hover=&#8221;#df1a30&#8243; link=&#8221;url:https%3A%2F%2Fwww.ecolejeanninemanuel.org.uk%2Fwp-content%2Fuploads%2F2025%2F09%2FY12-Spanish-BFI.pdf&#8221; item_el_class=&#8221;coming-soon&#8221;][\/vc_column][vc_column width=&#8221;1\/4&#8243; el_class=&#8221;button-container&#8221;][gt3_button button_title=&#8221;Allemand&#8221; button_size=&#8221;large&#8221; button_alignment=&#8221;block&#8221; btn_font_size=&#8221;16&#8243; use_theme_button=&#8221;&#8221; btn_bg_color=&#8221;#ffffff&#8221; btn_text_color=&#8221;#df1a30&#8243; btn_bg_color_hover=&#8221;#df1a30&#8243; btn_text_color_hover=&#8221;#ffffff&#8221; btn_icon_color=&#8221;#ffffff&#8221; btn_icon_color_hover=&#8221;#ffffff&#8221; btn_border_color=&#8221;#df1a30&#8243; btn_border_color_hover=&#8221;#df1a30&#8243; link=&#8221;url:https%3A%2F%2Fwww.ecolejeanninemanuel.org.uk%2Fwp-content%2Fuploads%2F2025%2F09%2FY12-German-BFI.pdf&#8221; item_el_class=&#8221;coming-soon&#8221;][\/vc_column][\/vc_row][vc_row][vc_column width=&#8221;1\/4&#8243; el_class=&#8221;button-container&#8221;][gt3_button button_title=&#8221;Chinois&#8221; button_size=&#8221;large&#8221; button_alignment=&#8221;block&#8221; btn_font_size=&#8221;16&#8243; use_theme_button=&#8221;&#8221; btn_bg_color=&#8221;#ffffff&#8221; btn_text_color=&#8221;#df1a30&#8243; btn_bg_color_hover=&#8221;#df1a30&#8243; btn_text_color_hover=&#8221;#ffffff&#8221; btn_icon_color=&#8221;#ffffff&#8221; btn_icon_color_hover=&#8221;#ffffff&#8221; btn_border_color=&#8221;#df1a30&#8243; btn_border_color_hover=&#8221;#df1a30&#8243; link=&#8221;url:https%3A%2F%2Fwww.ecolejeanninemanuel.org.uk%2Fwp-content%2Fuploads%2F2025%2F09%2FY12-Chinese-.pdf&#8221; item_el_class=&#8221;coming-soon&#8221;][\/vc_column][vc_column width=&#8221;1\/4&#8243; el_class=&#8221;button-container&#8221;][gt3_button button_title=&#8221;Connaissance du monde&#8221; button_size=&#8221;large&#8221; button_alignment=&#8221;block&#8221; btn_font_size=&#8221;16&#8243; use_theme_button=&#8221;&#8221; btn_bg_color=&#8221;#ffffff&#8221; btn_text_color=&#8221;#df1a30&#8243; btn_bg_color_hover=&#8221;#df1a30&#8243; btn_text_color_hover=&#8221;#ffffff&#8221; btn_icon_color=&#8221;#ffffff&#8221; btn_icon_color_hover=&#8221;#ffffff&#8221; btn_border_color=&#8221;#df1a30&#8243; btn_border_color_hover=&#8221;#df1a30&#8243; link=&#8221;url:https%3A%2F%2Fwww.ecolejeanninemanuel.org.uk%2Fwp-content%2Fuploads%2F2025%2F01%2FConnaissance-du-Monde-Year-12.pdf&#8221; item_el_class=&#8221;coming-soon&#8221;][\/vc_column][vc_column width=&#8221;1\/4&#8243;][gt3_button button_title=&#8221;EPS&#8221; button_size=&#8221;large&#8221; button_alignment=&#8221;block&#8221; btn_font_size=&#8221;16&#8243; use_theme_button=&#8221;&#8221; btn_bg_color=&#8221;#ffffff&#8221; btn_text_color=&#8221;#df1a30&#8243; btn_bg_color_hover=&#8221;#df1a30&#8243; btn_text_color_hover=&#8221;#ffffff&#8221; btn_icon_color=&#8221;#ffffff&#8221; btn_icon_color_hover=&#8221;#ffffff&#8221; btn_border_color=&#8221;#df1a30&#8243; btn_border_color_hover=&#8221;#df1a30&#8243; link=&#8221;url:https%3A%2F%2Fwww.ecolejeanninemanuel.org.uk%2Fwp-content%2Fuploads%2F2025%2F09%2FY12-EPS.pdf&#8221; item_el_class=&#8221;coming-soon&#8221;][\/vc_column][vc_column width=&#8221;1\/4&#8243; el_class=&#8221;button-container&#8221;][gt3_button button_title=&#8221;AP Calculus&#8221; button_size=&#8221;large&#8221; button_alignment=&#8221;block&#8221; btn_font_size=&#8221;16&#8243; use_theme_button=&#8221;&#8221; btn_bg_color=&#8221;#ffffff&#8221; btn_text_color=&#8221;#df1a30&#8243; btn_bg_color_hover=&#8221;#df1a30&#8243; btn_text_color_hover=&#8221;#ffffff&#8221; btn_icon_color=&#8221;#ffffff&#8221; btn_icon_color_hover=&#8221;#ffffff&#8221; btn_border_color=&#8221;#df1a30&#8243; btn_border_color_hover=&#8221;#df1a30&#8243; link=&#8221;url:https%3A%2F%2Fwww.ecolejeanninemanuel.org.uk%2Fwp-content%2Fuploads%2F2024%2F11%2FAP-Calculus-Year-12-BFI.pdf&#8221; item_el_class=&#8221;coming-soon&#8221;][\/vc_column][\/vc_row]\n<\/div>","protected":false},"excerpt":{"rendered":"<p>[vc_row][vc_column][vc_column_text] 1ere \/ Year 12 BFI Curriculum [\/vc_column_text][\/vc_column][\/vc_row][vc_row el_class=&#8221;description-container&#8221;][vc_column][vc_column_text]S\u00e9lectionnez une mati\u00e8re pour acc\u00e9der \u00e0 la progression.[\/vc_column_text][\/vc_column][\/vc_row][vc_row][vc_column width=&#8221;1\/4&#8243; el_class=&#8221;button-container&#8221;][gt3_button button_title=&#8221;English&#8221; button_size=&#8221;large&#8221; [&hellip;]<\/p>\n","protected":false},"author":1,"featured_media":0,"parent":11676,"menu_order":0,"comment_status":"closed","ping_status":"closed","template":"","meta":{"protect_children":false,"footnotes":""},"class_list":["post-11644","page","type-page","status-publish","hentry"],"_links":{"self":[{"href":"https:\/\/www.ecolejeanninemanuel.org.uk\/fr\/wp-json\/wp\/v2\/pages\/11644","targetHints":{"allow":["GET"]}}],"collection":[{"href":"https:\/\/www.ecolejeanninemanuel.org.uk\/fr\/wp-json\/wp\/v2\/pages"}],"about":[{"href":"https:\/\/www.ecolejeanninemanuel.org.uk\/fr\/wp-json\/wp\/v2\/types\/page"}],"author":[{"embeddable":true,"href":"https:\/\/www.ecolejeanninemanuel.org.uk\/fr\/wp-json\/wp\/v2\/users\/1"}],"replies":[{"embeddable":true,"href":"https:\/\/www.ecolejeanninemanuel.org.uk\/fr\/wp-json\/wp\/v2\/comments?post=11644"}],"version-history":[{"count":10,"href":"https:\/\/www.ecolejeanninemanuel.org.uk\/fr\/wp-json\/wp\/v2\/pages\/11644\/revisions"}],"predecessor-version":[{"id":16764,"href":"https:\/\/www.ecolejeanninemanuel.org.uk\/fr\/wp-json\/wp\/v2\/pages\/11644\/revisions\/16764"}],"up":[{"embeddable":true,"href":"https:\/\/www.ecolejeanninemanuel.org.uk\/fr\/wp-json\/wp\/v2\/pages\/11676"}],"wp:attachment":[{"href":"https:\/\/www.ecolejeanninemanuel.org.uk\/fr\/wp-json\/wp\/v2\/media?parent=11644"}],"curies":[{"name":"wp","href":"https:\/\/api.w.org\/{rel}","templated":true}]}}