{"id":11611,"date":"2022-03-08T14:22:41","date_gmt":"2022-03-08T14:22:41","guid":{"rendered":"https:\/\/www.ecolejeanninemanuel.org.uk\/ter-year-13-oib-curriculum\/"},"modified":"2025-10-10T15:04:34","modified_gmt":"2025-10-10T14:04:34","slug":"ter-year-13-oib-curriculum","status":"publish","type":"page","link":"https:\/\/www.ecolejeanninemanuel.org.uk\/fr\/curriculum\/secondaire\/ter-year-13-oib-curriculum\/","title":{"rendered":"Ter \/ Year 13 BFI Curriculum"},"content":{"rendered":"<div class=\"wpb-content-wrapper\">[vc_row el_class=&#8221;description-container&#8221; css=&#8221;.vc_custom_1645693737825{margin-bottom: 0.001px !important;}&#8221;][vc_column][vc_column_text]\n<h1>Ter \/ Year 13 BFI Progressions<\/h1>\n[\/vc_column_text][\/vc_column][\/vc_row][vc_row el_class=&#8221;description-container&#8221; css=&#8221;.vc_custom_1645693737825{margin-bottom: 0.001px !important;}&#8221;][vc_column][vc_column_text]<span>S\u00e9lectionnez une mati\u00e8re pour acc\u00e9der \u00e0 la progression.<\/span>[\/vc_column_text][\/vc_column][\/vc_row][vc_row el_class=&#8221;subject-container&#8221;][vc_column][gt3_button button_title=&#8221;Anglais&#8221; use_theme_button=&#8221;&#8221; btn_bg_color=&#8221;#ffffff&#8221; btn_text_color=&#8221;#df1a30&#8243; btn_bg_color_hover=&#8221;#df1a30&#8243; btn_text_color_hover=&#8221;#ffffff&#8221; btn_icon_color=&#8221;#ffffff&#8221; btn_icon_color_hover=&#8221;#ffffff&#8221; btn_border_color=&#8221;#df1a30&#8243; btn_border_color_hover=&#8221;#ffffff&#8221; link=&#8221;url:https%3A%2F%2Fwww.ecolejeanninemanuel.org.uk%2Fwp-content%2Fuploads%2F2025%2F10%2FEnglish-Ter-BFI.pdf&#8221;][\/vc_column][\/vc_row][vc_row el_class=&#8221;subject-container&#8221;][vc_column][gt3_button button_title=&#8221;Philosophie&#8221; use_theme_button=&#8221;&#8221; btn_bg_color=&#8221;#ffffff&#8221; btn_text_color=&#8221;#df1a30&#8243; btn_bg_color_hover=&#8221;#df1a30&#8243; btn_text_color_hover=&#8221;#ffffff&#8221; btn_icon_color=&#8221;#ffffff&#8221; btn_icon_color_hover=&#8221;#ffffff&#8221; btn_border_color=&#8221;#df1a30&#8243; btn_border_color_hover=&#8221;#ffffff&#8221; link=&#8221;url:https%3A%2F%2Fwww.ecolejeanninemanuel.org.uk%2Fwp-content%2Fuploads%2F2024%2F10%2FPhilosophy-Year-13.pdf&#8221;][\/vc_column][\/vc_row][vc_row el_class=&#8221;subject-container&#8221;][vc_column][gt3_button button_title=&#8221;Math\u00e9matiques&#8221; use_theme_button=&#8221;&#8221; btn_bg_color=&#8221;#ffffff&#8221; btn_text_color=&#8221;#df1a30&#8243; btn_bg_color_hover=&#8221;#df1a30&#8243; btn_text_color_hover=&#8221;#ffffff&#8221; btn_icon_color=&#8221;#ffffff&#8221; btn_icon_color_hover=&#8221;#ffffff&#8221; btn_border_color=&#8221;#df1a30&#8243; btn_border_color_hover=&#8221;#ffffff&#8221; link=&#8221;url:https%3A%2F%2Fwww.ecolejeanninemanuel.org.uk%2Fwp-content%2Fuploads%2F2024%2F09%2FMaths-Year-13-BFI.pdf&#8221;][\/vc_column][\/vc_row][vc_row el_class=&#8221;subject-container&#8221;][vc_column][gt3_button button_title=&#8221;Physique &#8211; Chimie&#8221; use_theme_button=&#8221;&#8221; btn_bg_color=&#8221;#ffffff&#8221; btn_text_color=&#8221;#df1a30&#8243; btn_bg_color_hover=&#8221;#df1a30&#8243; btn_text_color_hover=&#8221;#ffffff&#8221; btn_icon_color=&#8221;#ffffff&#8221; btn_icon_color_hover=&#8221;#ffffff&#8221; btn_border_color=&#8221;#df1a30&#8243; btn_border_color_hover=&#8221;#ffffff&#8221; link=&#8221;url:https%3A%2F%2Fwww.ecolejeanninemanuel.org.uk%2Fwp-content%2Fuploads%2F2024%2F10%2FPC-Year-13.pdf&#8221;][\/vc_column][\/vc_row][vc_row el_class=&#8221;subject-container&#8221;][vc_column][gt3_button button_title=&#8221;Enseignement Scientifique&#8221; use_theme_button=&#8221;&#8221; btn_bg_color=&#8221;#ffffff&#8221; btn_text_color=&#8221;#df1a30&#8243; btn_bg_color_hover=&#8221;#df1a30&#8243; btn_text_color_hover=&#8221;#ffffff&#8221; btn_icon_color=&#8221;#ffffff&#8221; btn_icon_color_hover=&#8221;#ffffff&#8221; btn_border_color=&#8221;#df1a30&#8243; btn_border_color_hover=&#8221;#ffffff&#8221; link=&#8221;url:https%3A%2F%2Fwww.ecolejeanninemanuel.org.uk%2Fwp-content%2Fuploads%2F2024%2F12%2FEnseignement-scientifique-Year-13.pdf&#8221;][\/vc_column][\/vc_row][vc_row el_class=&#8221;subject-container&#8221;][vc_column][gt3_button button_title=&#8221;Histoire \/ G\u00e9ographie \/ HGGSP&#8221; use_theme_button=&#8221;&#8221; btn_bg_color=&#8221;#ffffff&#8221; btn_text_color=&#8221;#df1a30&#8243; btn_bg_color_hover=&#8221;#df1a30&#8243; btn_text_color_hover=&#8221;#ffffff&#8221; btn_icon_color=&#8221;#ffffff&#8221; btn_icon_color_hover=&#8221;#ffffff&#8221; btn_border_color=&#8221;#df1a30&#8243; btn_border_color_hover=&#8221;#ffffff&#8221; link=&#8221;url:https%3A%2F%2Fwww.ecolejeanninemanuel.org.uk%2Fwp-content%2Fuploads%2F2025%2F09%2FY13-BFI-HG-1.pdf&#8221;][\/vc_column][\/vc_row][vc_row el_class=&#8221;subject-container&#8221;][vc_column][gt3_button button_title=&#8221;Chinois&#8221; use_theme_button=&#8221;&#8221; btn_bg_color=&#8221;#ffffff&#8221; btn_text_color=&#8221;#df1a30&#8243; btn_bg_color_hover=&#8221;#df1a30&#8243; btn_text_color_hover=&#8221;#ffffff&#8221; btn_icon_color=&#8221;#ffffff&#8221; btn_icon_color_hover=&#8221;#ffffff&#8221; btn_border_color=&#8221;#df1a30&#8243; btn_border_color_hover=&#8221;#ffffff&#8221; link=&#8221;url:https%3A%2F%2Fwww.ecolejeanninemanuel.org.uk%2Fwp-content%2Fuploads%2F2025%2F09%2FY13-Chinese.pdf&#8221; item_el_class=&#8221;coming-soon&#8221;][\/vc_column][\/vc_row][vc_row el_class=&#8221;subject-container&#8221;][vc_column][gt3_button button_title=&#8221;Espagnol&#8221; use_theme_button=&#8221;&#8221; btn_bg_color=&#8221;#ffffff&#8221; btn_text_color=&#8221;#df1a30&#8243; btn_bg_color_hover=&#8221;#df1a30&#8243; btn_text_color_hover=&#8221;#ffffff&#8221; btn_icon_color=&#8221;#ffffff&#8221; btn_icon_color_hover=&#8221;#ffffff&#8221; btn_border_color=&#8221;#df1a30&#8243; btn_border_color_hover=&#8221;#ffffff&#8221; link=&#8221;url:https%3A%2F%2Fwww.ecolejeanninemanuel.org.uk%2Fwp-content%2Fuploads%2F2025%2F09%2FY13-Spanish-BFI.pdf&#8221; item_el_class=&#8221;coming-soon&#8221;][\/vc_column][\/vc_row][vc_row el_class=&#8221;subject-container&#8221;][vc_column][gt3_button button_title=&#8221;Allemand&#8221; use_theme_button=&#8221;&#8221; btn_bg_color=&#8221;#ffffff&#8221; btn_text_color=&#8221;#df1a30&#8243; btn_bg_color_hover=&#8221;#df1a30&#8243; btn_text_color_hover=&#8221;#ffffff&#8221; btn_icon_color=&#8221;#ffffff&#8221; btn_icon_color_hover=&#8221;#ffffff&#8221; btn_border_color=&#8221;#df1a30&#8243; btn_border_color_hover=&#8221;#ffffff&#8221; link=&#8221;url:https%3A%2F%2Fwww.ecolejeanninemanuel.org.uk%2Fwp-content%2Fuploads%2F2025%2F09%2FY13-German-BFI.pdf&#8221; item_el_class=&#8221;coming-soon&#8221;][\/vc_column][\/vc_row][vc_row el_class=&#8221;subject-container&#8221;][vc_column][gt3_button button_title=&#8221;SES&#8221; use_theme_button=&#8221;&#8221; btn_bg_color=&#8221;#ffffff&#8221; btn_text_color=&#8221;#df1a30&#8243; btn_bg_color_hover=&#8221;#df1a30&#8243; btn_text_color_hover=&#8221;#ffffff&#8221; btn_icon_color=&#8221;#ffffff&#8221; btn_icon_color_hover=&#8221;#ffffff&#8221; btn_border_color=&#8221;#df1a30&#8243; btn_border_color_hover=&#8221;#ffffff&#8221; link=&#8221;url:https%3A%2F%2Fwww.ecolejeanninemanuel.org.uk%2Fwp-content%2Fuploads%2F2025%2F01%2FSES-Year-13.pdf&#8221; item_el_class=&#8221;coming-soon&#8221;][\/vc_column][\/vc_row][vc_row el_class=&#8221;subject-container&#8221;][vc_column][gt3_button button_title=&#8221;HLP&#8221; use_theme_button=&#8221;&#8221; btn_bg_color=&#8221;#ffffff&#8221; btn_text_color=&#8221;#df1a30&#8243; btn_bg_color_hover=&#8221;#df1a30&#8243; btn_text_color_hover=&#8221;#ffffff&#8221; btn_icon_color=&#8221;#ffffff&#8221; btn_icon_color_hover=&#8221;#ffffff&#8221; btn_border_color=&#8221;#df1a30&#8243; btn_border_color_hover=&#8221;#ffffff&#8221; link=&#8221;url:https%3A%2F%2Fwww.ecolejeanninemanuel.org.uk%2Fwp-content%2Fuploads%2F2024%2F10%2FHLP-Year-13.pdf&#8221; item_el_class=&#8221;coming-soon&#8221;][\/vc_column][\/vc_row][vc_row el_class=&#8221;subject-container&#8221;][vc_column][gt3_button button_title=&#8221;EPS&#8221; use_theme_button=&#8221;&#8221; btn_bg_color=&#8221;#ffffff&#8221; btn_text_color=&#8221;#df1a30&#8243; btn_bg_color_hover=&#8221;#df1a30&#8243; btn_text_color_hover=&#8221;#ffffff&#8221; btn_icon_color=&#8221;#ffffff&#8221; btn_icon_color_hover=&#8221;#ffffff&#8221; btn_border_color=&#8221;#df1a30&#8243; btn_border_color_hover=&#8221;#ffffff&#8221; link=&#8221;url:https%3A%2F%2Fwww.ecolejeanninemanuel.org.uk%2Fwp-content%2Fuploads%2F2025%2F09%2FY13-EPS.pdf&#8221; item_el_class=&#8221;coming-soon&#8221;][\/vc_column][\/vc_row][vc_row el_class=&#8221;subject-container&#8221;][vc_column][gt3_button button_title=&#8221;Connaissance du monde&#8221; use_theme_button=&#8221;&#8221; btn_bg_color=&#8221;#ffffff&#8221; btn_text_color=&#8221;#df1a30&#8243; btn_bg_color_hover=&#8221;#df1a30&#8243; btn_text_color_hover=&#8221;#ffffff&#8221; btn_icon_color=&#8221;#ffffff&#8221; btn_icon_color_hover=&#8221;#ffffff&#8221; btn_border_color=&#8221;#df1a30&#8243; btn_border_color_hover=&#8221;#ffffff&#8221; link=&#8221;url:https%3A%2F%2Fwww.ecolejeanninemanuel.org.uk%2Fwp-content%2Fuploads%2F2025%2F01%2FConnaissance-du-Monde-Year-13.pdf&#8221; item_el_class=&#8221;coming-soon&#8221;][\/vc_column][\/vc_row][vc_row el_class=&#8221;subject-container&#8221;][vc_column][gt3_button button_title=&#8221;AP Calculus&#8221; use_theme_button=&#8221;&#8221; btn_bg_color=&#8221;#ffffff&#8221; btn_text_color=&#8221;#df1a30&#8243; btn_bg_color_hover=&#8221;#df1a30&#8243; btn_text_color_hover=&#8221;#ffffff&#8221; btn_icon_color=&#8221;#ffffff&#8221; btn_icon_color_hover=&#8221;#ffffff&#8221; btn_border_color=&#8221;#df1a30&#8243; btn_border_color_hover=&#8221;#ffffff&#8221; link=&#8221;url:https%3A%2F%2Fwww.ecolejeanninemanuel.org.uk%2Fwp-content%2Fuploads%2F2024%2F11%2FAP-Calculus-Year-13-BFI.pdf&#8221; item_el_class=&#8221;coming-soon&#8221;][\/vc_column][\/vc_row]\n<\/div>","protected":false},"excerpt":{"rendered":"<p>[vc_row el_class=&#8221;description-container&#8221; css=&#8221;.vc_custom_1645693737825{margin-bottom: 0.001px !important;}&#8221;][vc_column][vc_column_text] Ter \/ Year 13 BFI Progressions [\/vc_column_text][\/vc_column][\/vc_row][vc_row el_class=&#8221;description-container&#8221; css=&#8221;.vc_custom_1645693737825{margin-bottom: 0.001px !important;}&#8221;][vc_column][vc_column_text]S\u00e9lectionnez une mati\u00e8re pour acc\u00e9der [&hellip;]<\/p>\n","protected":false},"author":1,"featured_media":0,"parent":11676,"menu_order":0,"comment_status":"closed","ping_status":"closed","template":"","meta":{"protect_children":false,"footnotes":""},"class_list":["post-11611","page","type-page","status-publish","hentry"],"_links":{"self":[{"href":"https:\/\/www.ecolejeanninemanuel.org.uk\/fr\/wp-json\/wp\/v2\/pages\/11611","targetHints":{"allow":["GET"]}}],"collection":[{"href":"https:\/\/www.ecolejeanninemanuel.org.uk\/fr\/wp-json\/wp\/v2\/pages"}],"about":[{"href":"https:\/\/www.ecolejeanninemanuel.org.uk\/fr\/wp-json\/wp\/v2\/types\/page"}],"author":[{"embeddable":true,"href":"https:\/\/www.ecolejeanninemanuel.org.uk\/fr\/wp-json\/wp\/v2\/users\/1"}],"replies":[{"embeddable":true,"href":"https:\/\/www.ecolejeanninemanuel.org.uk\/fr\/wp-json\/wp\/v2\/comments?post=11611"}],"version-history":[{"count":11,"href":"https:\/\/www.ecolejeanninemanuel.org.uk\/fr\/wp-json\/wp\/v2\/pages\/11611\/revisions"}],"predecessor-version":[{"id":16767,"href":"https:\/\/www.ecolejeanninemanuel.org.uk\/fr\/wp-json\/wp\/v2\/pages\/11611\/revisions\/16767"}],"up":[{"embeddable":true,"href":"https:\/\/www.ecolejeanninemanuel.org.uk\/fr\/wp-json\/wp\/v2\/pages\/11676"}],"wp:attachment":[{"href":"https:\/\/www.ecolejeanninemanuel.org.uk\/fr\/wp-json\/wp\/v2\/media?parent=11611"}],"curies":[{"name":"wp","href":"https:\/\/api.w.org\/{rel}","templated":true}]}}